{"id":721,"date":"2014-03-18T02:43:41","date_gmt":"2014-03-18T02:43:41","guid":{"rendered":"http:\/\/www.mapsrv.dk\/?page_id=721"},"modified":"2024-11-12T04:47:48","modified_gmt":"2024-11-12T02:47:48","slug":"karnapper","status":"publish","type":"page","link":"https:\/\/www.mogens-green.dk\/?page_id=721","title":{"rendered":"Karnapper"},"content":{"rendered":"<div><img loading=\"lazy\" decoding=\"async\" style=\"margin-left: 20px;\" alt=\"\" src=\"wp-content\/uploads\/2014\/03\/content-karnap.jpg\" width=\"184\" height=\"189\" align=\"right\" border=\"0\" \/>Karnappen den lille tilbygning, som giver en overraskende lysgivende effekt.<br \/>\nEn karnap bringer lys og luft lige ind i den eksisterende bolig.<\/div>\n<ul>\n<li>\n<div>Skab et fantastisk k\u00f8kken-alrum med det flotteste lysindfald.<\/div>\n<div><\/div>\n<\/li>\n<li>\n<div>F\u00e5 mere lys og velv\u00e6re ind i den m\u00f8rke stue.<\/div>\n<div><\/div>\n<\/li>\n<\/ul>\n<div>Vi g\u00f8r din \u201ddr\u00f8m\u201d til virkelighed, s\u00e5 kontakt os for at h\u00f8re mere om de mange muligheder.<\/div>\n<div><\/div>\n","protected":false},"excerpt":{"rendered":"<p>Karnappen den lille tilbygning, som giver en overraskende lysgivende effekt. En karnap bringer lys og luft lige ind i den eksisterende bolig. Skab et fantastisk k\u00f8kken-alrum med det flotteste lysindfald. F\u00e5 mere lys og velv\u00e6re ind i den m\u00f8rke stue. Vi g\u00f8r din \u201ddr\u00f8m\u201d til virkelighed, s\u00e5 kontakt os for at h\u00f8re mere om de&#8230;<\/p>\n","protected":false},"author":1,"featured_media":0,"parent":0,"menu_order":0,"comment_status":"closed","ping_status":"closed","template":"template-fullwidth.php","meta":{"footnotes":"","_links_to":"","_links_to_target":""},"class_list":["post-721","page","type-page","status-publish","hentry"],"_links":{"self":[{"href":"https:\/\/www.mogens-green.dk\/index.php?rest_route=\/wp\/v2\/pages\/721"}],"collection":[{"href":"https:\/\/www.mogens-green.dk\/index.php?rest_route=\/wp\/v2\/pages"}],"about":[{"href":"https:\/\/www.mogens-green.dk\/index.php?rest_route=\/wp\/v2\/types\/page"}],"author":[{"embeddable":true,"href":"https:\/\/www.mogens-green.dk\/index.php?rest_route=\/wp\/v2\/users\/1"}],"replies":[{"embeddable":true,"href":"https:\/\/www.mogens-green.dk\/index.php?rest_route=%2Fwp%2Fv2%2Fcomments&post=721"}],"version-history":[{"count":3,"href":"https:\/\/www.mogens-green.dk\/index.php?rest_route=\/wp\/v2\/pages\/721\/revisions"}],"predecessor-version":[{"id":726,"href":"https:\/\/www.mogens-green.dk\/index.php?rest_route=\/wp\/v2\/pages\/721\/revisions\/726"}],"wp:attachment":[{"href":"https:\/\/www.mogens-green.dk\/index.php?rest_route=%2Fwp%2Fv2%2Fmedia&parent=721"}],"curies":[{"name":"wp","href":"https:\/\/api.w.org\/{rel}","templated":true}]}}