{"id":691,"date":"2014-03-18T02:27:07","date_gmt":"2014-03-18T02:27:07","guid":{"rendered":"http:\/\/www.mapsrv.dk\/?page_id=691"},"modified":"2024-11-12T04:48:42","modified_gmt":"2024-11-12T02:48:42","slug":"breinholm-gruppen-3","status":"publish","type":"page","link":"https:\/\/www.mogens-green.dk\/?page_id=691","title":{"rendered":"Breinholm Gruppen"},"content":{"rendered":"<h1>Optimal varmeisolering med papirisolering<\/h1>\n<div><img loading=\"lazy\" decoding=\"async\" style=\"margin-left: 40px;\" alt=\"\" src=\"wp-content\/uploads\/2014\/03\/content-papirisolering-haand.png\" width=\"215\" height=\"169\" align=\"right\" border=\"0\" \/><span style=\"font-weight: bold;\">Papirisolering er lavet af granuleret genbrugspapir, og er udviklet til et b\u00e6redygtigt, prisbevidst og godt isolerings-materiale &#8211; helt p\u00e5 h\u00f8jde med de konventionelle og mere kendte isoleringsprodukter.<br \/>\n<\/span><br \/>\nI\u00a0mange europ\u00e6iske lande, specielt i Tyskland, \u00d8strig og Schweiz, er op mod 25 % af boligmassen isoleret med papir-granulat. I Danmark og det \u00f8vrige Skandinavien har papir-isolering ikke v\u00e6ret anvendt ret meget, men anvendelsen af produktet har de senere \u00e5r v\u00e6ret st\u00e6rkt stigende og flere og flere har f\u00e5et \u00f8jnene op for papiruldens mange fordele.<img loading=\"lazy\" decoding=\"async\" style=\"margin-bottom: 10px;\" alt=\"\" src=\"wp-content\/uploads\/2014\/03\/climacell-logo.jpg\" width=\"200\" height=\"62\" border=\"0\" \/><br \/>\n<img loading=\"lazy\" decoding=\"async\" style=\"margin-top: 40px; margin-left: 15px;\" alt=\"\" src=\"wp-content\/uploads\/2014\/03\/content-papirisolering-co2.png\" width=\"230\" height=\"97\" align=\"right\" border=\"0\" \/>Breinholm Gruppen er eneforhandler i Danmark af papirisolering fra Climacell &#8211; Europas \u00e6ldste producent af celluloseisolering.Med papirisolering fra Climacell, opn\u00e5r du en r\u00e6kke fordele som:<\/p>\n<\/div>\n<ul>\n<li>\n<div>optimal varmeisolering af din bolig<\/div>\n<\/li>\n<li>\n<div>boligens energiforbrug s\u00e6nkes<\/div>\n<\/li>\n<li>\n<div>co2 udledningen reduceres markant<\/div>\n<\/li>\n<li>\n<div>isolering mod st\u00f8j<\/div>\n<\/li>\n<li>\n<div>behageligt indeklima<\/div>\n<\/li>\n<\/ul>\n<div>\n<p><span style=\"font-weight: bold;\"><br \/>\n<\/span><\/p>\n<table style=\"width: 100%; border-collapse: collapse;\">\n<tbody>\n<tr>\n<td style=\"text-align: center; vertical-align: top;\"><img decoding=\"async\" alt=\"\" src=\"wp-content\/uploads\/2014\/03\/content-papirisolering-logo.png\" border=\"0\" \/><\/td>\n<\/tr>\n<\/tbody>\n<\/table>\n<table style=\"width: 100%; border-collapse: collapse;\">\n<tbody>\n<tr>\n<td style=\"vertical-align: top;\"><img loading=\"lazy\" decoding=\"async\" alt=\"\" src=\"wp-content\/uploads\/2014\/03\/content-papirisolering-mur.png\" width=\"193\" height=\"240\" border=\"0\" \/><\/td>\n<td style=\"padding-left: 6px; vertical-align: top;\"><span style=\"font-weight: bold;\">Papirisolering via indbl\u00e6sning<\/span><br \/>\nPapirisolering f\u00e5s kun i l\u00f8sv\u00e6gt og bl\u00e6ses ind i konstruktionen med dertil specialbyggede indbl\u00e6sningsmaskiner. Herved opn\u00e5s den rette densitet af det indbl\u00e6ste Papirisolering, hvorfor en manuel forarbejdning ikke er at anbefale.Fordelen ved at bl\u00e6se Papirisolering ind i lukkede konstruktioner s\u00e5som hulmur, skr\u00e5v\u00e6gge eller etageadskillelse er, at der ikke opst\u00e5r nogen kuldebroer, da der hverken er samlinger eller frask\u00e6ringer.Ved ledninger, faldstammer eller r\u00f8rgennemf\u00f8ringer ved \u00e6ldre boliger er der ofte meget bumkant p\u00e5 det anvendte t\u00f8mmer. Ved at bl\u00e6se Papirisoleringen ind, udfyldes alle disse kuldebroer, og kunden betaler dermed\u00a0kun de virkelige kvadratmeter der anvendes. Dvs. der betales ikke for spild eller frask\u00e6ringer, der alligevel ikke kan anvendes.<\/td>\n<\/tr>\n<tr>\n<td style=\"vertical-align: top; padding-top: 30px;\"><img loading=\"lazy\" decoding=\"async\" alt=\"\" src=\"wp-content\/uploads\/2014\/03\/content-papirisolering-hus.png\" width=\"193\" height=\"270\" border=\"0\" \/><\/td>\n<td style=\"padding-left: 6px; vertical-align: top; padding-top: 32px;\"><span style=\"font-weight: bold;\">Papir &amp; Fugt &#8211;\u00a0grobund for skimmel og andet godt!<br \/>\n<\/span>I\u00a0mineralulden\u00a0sker der en fugt ophobning, og det er\u00a0almindeligt kendt at selv sm\u00e5 skader i den dampsp\u00e6rre som beskytter mineralulden, f\u00f8rer til skader i byggeriet. Byggeskadefonden p\u00e5peger at, netop dette problem ligger til grund for langt de fleste af alle skader.Papiruld er som skabt til at h\u00e5ndtere den fugt, som forekommer i byggeriet, og\u00a0selv store dyner af fygesne giver ikke anledning til problemer. <a href=\"http:\/\/www.sbi.dk\/byggeteknik\/bygningsfysik\/fugt\/fugtsikre-trefacader\/artikel-i-forsk07-trefacader-kan-isoleres-bedre-uden-risiko-for-fugtproblemer\" target=\"_blank\" rel=\"noopener\">Dette forhold kan du se i SBI\u00b4s dokumentation her<\/a>,De mineralulds baserede materialer, mister i v\u00e6sentligt omfang\u00a0 isoleringsevnen n\u00e5r de bliver fugtige,\u00a0men der\u00a0sker\u00a0ikke ret meget med Papiruldens isoleringsevne. Det skyldes at fugten optages i celle-v\u00e6ggene, s\u00e5dan at der stadig er stillest\u00e5ende luft b\u00e5de imellem og inden i de hule fibre.<\/p>\n<p>Selv hvis Papirulden skulle blive b\u00e5de fugtig og varm, er den stadig godt beskyttet af impr\u00e6gneringsmidlerne. Bem\u00e6rk at der i b\u00e5de glas og rockwool er langt h\u00f8jere koncentrationer af samme midler, men i mods\u00e6tning til os deklarer de sj\u00e6ldent deres produkter.<\/td>\n<\/tr>\n<tr>\n<td style=\"vertical-align: top; padding-top: 30px;\">\n<div><img loading=\"lazy\" decoding=\"async\" alt=\"\" src=\"wp-content\/uploads\/2014\/03\/content-papirisolering-ild1.png\" width=\"193\" height=\"161\" border=\"0\" \/><br \/>\n<img loading=\"lazy\" decoding=\"async\" alt=\"\" src=\"wp-content\/uploads\/2014\/03\/content-papirisolering-ild2.png\" width=\"193\" height=\"161\" border=\"0\" \/><\/div>\n<\/td>\n<td style=\"padding-left: 6px; vertical-align: top; padding-top: 32px;\">\n<div><span style=\"font-weight: bold;\">Borsalte\/Borax &amp; Aluminiumhydroxid &#8211; er det farligt??<\/span><br \/>\nPapirisolering er tilsat brand og svampeh\u00e6mmende mineralske salte, typisk i form af borsalte og aluminiumhydroxid. Begge salte tils\u00e6ttes i begr\u00e6nsede m\u00e6ngder, s\u00e5 materialet stadig kan komposteres.De borsalte, der er indeholdt i Papirisoleringen, frigives ikke til omgivelserne, da borsalte er sv\u00e6r opl\u00f8seligt og f\u00f8rst fordamper ved meget h\u00f8je temperaturer. N\u00e5r materialet komposteres indg\u00e5r bor-stofferne igen i n\u00e6ringskredsl\u00f8bet og figurerer her som jordforbedringsmiddel.Borsalte anvendes bl.a. derudover i v\u00e6sker til \u00f8jenskylning, s\u00e5r rens samt til konservering af madvarer og i visse tandpastaer og l\u00e6bestifter. Havde der v\u00e6ret farlige tils\u00e6tningsstoffer i Papirisoleringen skulle materilaet have v\u00e6ret deponeret og ikke komposteres, som anbefalingerne er.<\/p>\n<\/div>\n<\/td>\n<\/tr>\n<\/tbody>\n<\/table>\n<p><span style=\"font-weight: bold;\"><img decoding=\"async\" style=\"margin-right: 25px;\" alt=\"\" src=\"wp-content\/uploads\/2014\/03\/content-papirisolering-energi.png\" align=\"right\" border=\"0\" \/>Her kan Papirisolering med fordel anvendes:<\/span><\/p>\n<\/div>\n<div><\/div>\n<ul>\n<li>\n<div>loftkonstruktioner<\/div>\n<\/li>\n<li>\n<div>etageadskillelse<\/div>\n<\/li>\n<li>\n<div>inderv\u00e6g<\/div>\n<\/li>\n<li>\n<div>indvendig isolering af massiv ydermur<\/div>\n<\/li>\n<li>\n<div>isolering af ydermur med tr\u00e6 skelet<\/div>\n<\/li>\n<li>\n<div>uudnyttet loft og skunk rum<\/div>\n<\/li>\n<li>\n<div>hulmurskonstruktioner<\/div>\n<\/li>\n<li>\n<div>etaged\u00e6k, n\u00e5r isolering ligger over fugtsp\u00e6rre eller betond\u00e6k<\/div>\n<\/li>\n<\/ul>\n<div>\n<p>L\u00e6s mere om papirisolering og hvad du kan spare p\u00e5 <a href=\"http:\/\/www.breinholm-gruppen.dk\" target=\"_blank\" rel=\"noopener\">www.breinholm-gruppen.dk<\/a><\/p>\n<p>Kontakt Mogens Green Rasmussen for yderligere information om papirisolering fra Climacell.<\/p>\n<\/div>\n","protected":false},"excerpt":{"rendered":"<p>Optimal varmeisolering med papirisolering Papirisolering er lavet af granuleret genbrugspapir, og er udviklet til et b\u00e6redygtigt, prisbevidst og godt isolerings-materiale &#8211; helt p\u00e5 h\u00f8jde med de konventionelle og mere kendte isoleringsprodukter. I\u00a0mange europ\u00e6iske lande, specielt i Tyskland, \u00d8strig og Schweiz, er op mod 25 % af boligmassen isoleret med papir-granulat. I Danmark og det \u00f8vrige&#8230;<\/p>\n","protected":false},"author":1,"featured_media":0,"parent":0,"menu_order":0,"comment_status":"closed","ping_status":"closed","template":"template-fullwidth.php","meta":{"footnotes":"","_links_to":"","_links_to_target":""},"class_list":["post-691","page","type-page","status-publish","hentry"],"_links":{"self":[{"href":"https:\/\/www.mogens-green.dk\/index.php?rest_route=\/wp\/v2\/pages\/691"}],"collection":[{"href":"https:\/\/www.mogens-green.dk\/index.php?rest_route=\/wp\/v2\/pages"}],"about":[{"href":"https:\/\/www.mogens-green.dk\/index.php?rest_route=\/wp\/v2\/types\/page"}],"author":[{"embeddable":true,"href":"https:\/\/www.mogens-green.dk\/index.php?rest_route=\/wp\/v2\/users\/1"}],"replies":[{"embeddable":true,"href":"https:\/\/www.mogens-green.dk\/index.php?rest_route=%2Fwp%2Fv2%2Fcomments&post=691"}],"version-history":[{"count":13,"href":"https:\/\/www.mogens-green.dk\/index.php?rest_route=\/wp\/v2\/pages\/691\/revisions"}],"predecessor-version":[{"id":879,"href":"https:\/\/www.mogens-green.dk\/index.php?rest_route=\/wp\/v2\/pages\/691\/revisions\/879"}],"wp:attachment":[{"href":"https:\/\/www.mogens-green.dk\/index.php?rest_route=%2Fwp%2Fv2%2Fmedia&parent=691"}],"curies":[{"name":"wp","href":"https:\/\/api.w.org\/{rel}","templated":true}]}}