{"id":678,"date":"2014-03-18T02:19:49","date_gmt":"2014-03-18T02:19:49","guid":{"rendered":"http:\/\/www.mapsrv.dk\/?page_id=678"},"modified":"2024-11-12T04:47:52","modified_gmt":"2024-11-12T02:47:52","slug":"isolering","status":"publish","type":"page","link":"https:\/\/www.mogens-green.dk\/?page_id=678","title":{"rendered":"Isolering"},"content":{"rendered":"<\/p>\n<table style=\"WIDTH: 100%; BORDER-COLLAPSE: collapse\">\n<tbody>\n<tr>\n<td style=\"PADDING-RIGHT: 5px; VERTICAL-ALIGN: top\">\n<div>\n<div>\n<div>Det kan betale sig med en ordentlig isolering. Varmeregningen falder, husets v\u00e6rdi stiger og indeklimaet bliver bedre. <\/div>\n<div>&nbsp;<\/div>\n<div>En god isolering er mange ting. Det kan v\u00e6re nye, t\u00e6tte vinduer, isoleringsplader til v\u00e6gge og loft eller reparation af ut\u00e6theder i taget.&nbsp;Mogens Green Rasmussen gennemg\u00e5r dit hus og giver et tilbud p\u00e5 den bedste isolering. <\/div>\n<div>&nbsp;<\/div>\n<div>Skal du bygge om, bygge til eller renovere, s\u00f8rger&nbsp;Mogens Green Rasmussen for, at dit hus lever op til kravene for isoleringsevne og energiforbrug.<\/div>\n<p><\/div>\n<\/div>\n<p>&nbsp;<\/p>\n<\/td>\n<td style=\"VERTICAL-ALIGN: top\"><img loading=\"lazy\" decoding=\"async\" alt=\"\" src=\"wp-content\/uploads\/2014\/03\/content-isolering-1.jpg\" height=\"158\" border=\"0\" width=\"208\"><\/td>\n<\/tr>\n<\/tbody>\n<\/table>\n<p><img decoding=\"async\" src=\"wp-content\/uploads\/2014\/03\/BreinholmGruppen.jpg\" style=\"border:1px solid #CCC; margin:5px\"><\/a><img decoding=\"async\" src=\"wp-content\/uploads\/2014\/03\/Rockwool.jpg\" style=\"border:1px solid #CCC; margin:5px\"><\/a><\/div>\n","protected":false},"excerpt":{"rendered":"<p>Det kan betale sig med en ordentlig isolering. Varmeregningen falder, husets v\u00e6rdi stiger og indeklimaet bliver bedre. &nbsp; En god isolering er mange ting. Det kan v\u00e6re nye, t\u00e6tte vinduer, isoleringsplader til v\u00e6gge og loft eller reparation af ut\u00e6theder i taget.&nbsp;Mogens Green Rasmussen gennemg\u00e5r dit hus og giver et tilbud p\u00e5 den bedste isolering. &nbsp;&#8230;<\/p>\n","protected":false},"author":1,"featured_media":0,"parent":0,"menu_order":0,"comment_status":"closed","ping_status":"closed","template":"template-fullwidth.php","meta":{"footnotes":"","_links_to":"","_links_to_target":""},"class_list":["post-678","page","type-page","status-publish","hentry"],"_links":{"self":[{"href":"https:\/\/www.mogens-green.dk\/index.php?rest_route=\/wp\/v2\/pages\/678"}],"collection":[{"href":"https:\/\/www.mogens-green.dk\/index.php?rest_route=\/wp\/v2\/pages"}],"about":[{"href":"https:\/\/www.mogens-green.dk\/index.php?rest_route=\/wp\/v2\/types\/page"}],"author":[{"embeddable":true,"href":"https:\/\/www.mogens-green.dk\/index.php?rest_route=\/wp\/v2\/users\/1"}],"replies":[{"embeddable":true,"href":"https:\/\/www.mogens-green.dk\/index.php?rest_route=%2Fwp%2Fv2%2Fcomments&post=678"}],"version-history":[{"count":5,"href":"https:\/\/www.mogens-green.dk\/index.php?rest_route=\/wp\/v2\/pages\/678\/revisions"}],"predecessor-version":[{"id":690,"href":"https:\/\/www.mogens-green.dk\/index.php?rest_route=\/wp\/v2\/pages\/678\/revisions\/690"}],"wp:attachment":[{"href":"https:\/\/www.mogens-green.dk\/index.php?rest_route=%2Fwp%2Fv2%2Fmedia&parent=678"}],"curies":[{"name":"wp","href":"https:\/\/api.w.org\/{rel}","templated":true}]}}