{"id":642,"date":"2014-03-17T01:59:37","date_gmt":"2014-03-17T01:59:37","guid":{"rendered":"http:\/\/www.mapsrv.dk\/?page_id=642"},"modified":"2024-11-12T04:46:20","modified_gmt":"2024-11-12T02:46:20","slug":"wiking-gulve-3","status":"publish","type":"page","link":"https:\/\/www.mogens-green.dk\/?page_id=642","title":{"rendered":"Wiking Gulve"},"content":{"rendered":"<h1>Plankegulv i h\u00f8jeste kvalitet<\/h1>\n<table>\n<tbody>\n<tr>\n<td style=\"vertical-align: top;\">\n<div>Wiking Gulve er plankegulve af h\u00f8jeste kvalitet \u2013 skabt i en omhyggelig v\u00e6rdi-k\u00e6de fra udv\u00e6lgelse af skovomr\u00e5der og de enkelte tr\u00e6er til forarbejdning og produktion.<\/div>\n<div><\/div>\n<div>Hos Wiking Gulve l\u00e6gger vi v\u00e6gt p\u00e5 det gode h\u00e5nd\u00adv\u00e6rk. Vi har eget savv\u00e6rk og produktion, hvor vi kombinerer tradition og erfaring med moderne viden og tek-nologi. Resultatet er smukke og st\u00e6rke plankegulve, der er beregnet til at bruge til b\u00e5de hverdag og fest.<\/div>\n<div><\/div>\n<div><strong>H\u00e5ndplukket tr\u00e6<\/strong><\/div>\n<div><\/div>\n<div>Der er stor forskel p\u00e5 skovens tr\u00e6er. Derfor g\u00f8r vi et stort nummer ud af at v\u00e6lge de rigtige skovomr\u00e5der, og vi er selv med ude og finde og afm\u00e6rke de tr\u00e6stammer, der egner sig bedst til plankegulve. Kun ved at h\u00e5ndplukke hver enkelt stamme kan vi sikre den optimale kvalitet i det f\u00e6rdige produkt.<\/div>\n<div><\/div>\n<div>At arbejde med tr\u00e6 handler ogs\u00e5 om respekt for naturen. Vi samarbejder udelukkende med seri\u00f8se skovbrug, der lever op til g\u00e6ldende regler for milj\u00f8 og genplanting.<\/div>\n<div><\/div>\n<div>Respekten for tr\u00e6et g\u00e5r igen i hele vores behandling af tr\u00e6et \u2013 fra opsavning og t\u00f8rring p\u00e5 vores eget savv\u00e6rk til selve produktionen p\u00e5 fabrikken i Jebjerg nord for Skive. At fremstille plankegulve er et h\u00e5ndv\u00e6rk, og vi bygger hele processen p\u00e5 \u00e5relang erfaring og tradition kombineret med den nyeste viden og teknologi.<\/div>\n<\/td>\n<\/tr>\n<\/tbody>\n<\/table>\n","protected":false},"excerpt":{"rendered":"<p>Plankegulv i h\u00f8jeste kvalitet Wiking Gulve er plankegulve af h\u00f8jeste kvalitet \u2013 skabt i en omhyggelig v\u00e6rdi-k\u00e6de fra udv\u00e6lgelse af skovomr\u00e5der og de enkelte tr\u00e6er til forarbejdning og produktion. Hos Wiking Gulve l\u00e6gger vi v\u00e6gt p\u00e5 det gode h\u00e5nd\u00adv\u00e6rk. Vi har eget savv\u00e6rk og produktion, hvor vi kombinerer tradition og erfaring med moderne viden og&#8230;<\/p>\n","protected":false},"author":1,"featured_media":0,"parent":0,"menu_order":0,"comment_status":"closed","ping_status":"closed","template":"template-fullwidth.php","meta":{"footnotes":"","_links_to":"","_links_to_target":""},"class_list":["post-642","page","type-page","status-publish","hentry"],"_links":{"self":[{"href":"https:\/\/www.mogens-green.dk\/index.php?rest_route=\/wp\/v2\/pages\/642"}],"collection":[{"href":"https:\/\/www.mogens-green.dk\/index.php?rest_route=\/wp\/v2\/pages"}],"about":[{"href":"https:\/\/www.mogens-green.dk\/index.php?rest_route=\/wp\/v2\/types\/page"}],"author":[{"embeddable":true,"href":"https:\/\/www.mogens-green.dk\/index.php?rest_route=\/wp\/v2\/users\/1"}],"replies":[{"embeddable":true,"href":"https:\/\/www.mogens-green.dk\/index.php?rest_route=%2Fwp%2Fv2%2Fcomments&post=642"}],"version-history":[{"count":3,"href":"https:\/\/www.mogens-green.dk\/index.php?rest_route=\/wp\/v2\/pages\/642\/revisions"}],"predecessor-version":[{"id":675,"href":"https:\/\/www.mogens-green.dk\/index.php?rest_route=\/wp\/v2\/pages\/642\/revisions\/675"}],"wp:attachment":[{"href":"https:\/\/www.mogens-green.dk\/index.php?rest_route=%2Fwp%2Fv2%2Fmedia&parent=642"}],"curies":[{"name":"wp","href":"https:\/\/api.w.org\/{rel}","templated":true}]}}