{"id":640,"date":"2014-03-17T01:59:21","date_gmt":"2014-03-17T01:59:21","guid":{"rendered":"http:\/\/www.mapsrv.dk\/?page_id=640"},"modified":"2024-11-12T04:47:16","modified_gmt":"2024-11-12T02:47:16","slug":"pa-gulve-3","status":"publish","type":"page","link":"https:\/\/www.mogens-green.dk\/?page_id=640","title":{"rendered":"pa gulve"},"content":{"rendered":"<h1>Bredt sortiment af gulve<\/h1>\n<div>Alle PA-gulve produceres p\u00e5 det traditionsrige danske savv\u00e6rk beliggende n\u00e6r Faaborg p\u00e5 Fyn.<br \/>\nPA Savv\u00e6rk har leveret tr\u00e6 til danskerne siden 1885 og rangerer i dag blandt landets f\u00f8rende tr\u00e6leverand\u00f8rer.Savv\u00e6rket er et af landets \u00e6ldste af sin slags. Og netop traditionen for det gode h\u00e5ndv\u00e6rk og<br \/>\nlidenskaben for tr\u00e6 borger ikke alene for kvaliteten, men ogs\u00e5 for stabiliteten.Vores brede sortiment i massive gulve inkluderer mange forskelige tr\u00e6typer \u2013 s\u00e5som<br \/>\nEg, Ask, Douglas, Pitch Pine og L\u00e6rk. Derudover har vi ogs\u00e5 mulighed for at levere gulve<br \/>\ni de mest eksotiske afrikanske tr\u00e6sorter som f. eks. Zebrano og Wenge.<\/p>\n<p>Som noget helt unikt er vores massive plankegulve produceret af dansk tr\u00e6, og tr\u00e6et hentes<br \/>\nudelukkende fra b\u00e6redygtige danske skove.<\/p>\n<p>Vi kan som de eneste i Danmark tilbyde FSC-certificerede massive plankegulve.<\/p>\n<\/div>\n<div><\/div>\n<div>\n<table style=\"width: 100%; border-collapse: collapse;\">\n<tbody>\n<tr>\n<td style=\"vertical-align: top;\">\n<p align=\"center\"><a title=\"dansk Ask\" href=\"http:\/\/www.plankegulv.com\/select-ask_.php\" target=\"_blank\" rel=\"noopener\"><img loading=\"lazy\" decoding=\"async\" alt=\"Klik her, og l\u00e6s mere om dansk Ask\" src=\"wp-content\/uploads\/2014\/03\/content-gulve-2.png\" width=\"170\" height=\"160\" border=\"0\" \/><\/a><\/p>\n<\/td>\n<td style=\"vertical-align: top;\">\n<p align=\"center\"><a href=\"http:\/\/www.plankegulv.com\/natur-dansk-eg_.php\" target=\"_blank\" rel=\"noopener\"><img loading=\"lazy\" decoding=\"async\" alt=\"Klik her, og l\u00e6s mere om dansk Eg\" src=\"wp-content\/uploads\/2014\/03\/content-gulve-3.png\" width=\"170\" height=\"160\" border=\"0\" \/><\/a><\/p>\n<\/td>\n<td style=\"vertical-align: top;\">\n<p align=\"center\"><a href=\"http:\/\/www.plankegulv.com\/select-douglas_.php\" target=\"_blank\" rel=\"noopener\"><img loading=\"lazy\" decoding=\"async\" alt=\"Klik her, og l\u00e6s mere om dansk Douglas\" src=\"wp-content\/uploads\/2014\/03\/content-gulve-3.png\" width=\"170\" height=\"160\" border=\"0\" \/><\/a><\/p>\n<\/td>\n<\/tr>\n<\/tbody>\n<\/table>\n<\/div>\n<div>\n<p>&nbsp;<\/p>\n<table style=\"width: 100%; border-collapse: collapse;\">\n<tbody>\n<tr>\n<td style=\"width: 40px; vertical-align: top;\">\n<div><img loading=\"lazy\" decoding=\"async\" alt=\"Find mere information p\u00e5 vores hjemmeside.\" src=\"wp-content\/uploads\/2014\/03\/content-arrow.png\" width=\"30\" height=\"25\" border=\"0\" \/><\/a><\/div>\n<\/td>\n<td style=\"vertical-align: middle;\">Find mere information p\u00e5 vores hjemmeside. <a href=\"www.plankegulv.com\" target=\"_blank\" rel=\"noopener\">www.plankegulv.com<\/a>.<\/td>\n<\/tr>\n<tr>\n<td style=\"vertical-align: top;\"><a href=\"http:\/\/www.plankegulv.com\/showroom.php\" target=\"_blank\" rel=\"noopener\"><img loading=\"lazy\" decoding=\"async\" alt=\"Bes\u00f8g vores showroom.\" src=\"wp-content\/uploads\/2014\/03\/content-arrow.png\" width=\"30\" height=\"25\" border=\"0\" \/><\/a><\/td>\n<td style=\"vertical-align: top;\">Bes\u00f8g vores <a title=\"Bes\u00f8g vores showroom.\" href=\"http:\/\/www.plankegulv.com\/showroom.php\" target=\"_blank\" rel=\"noopener\">showroom<\/a>.<\/td>\n<\/tr>\n<tr>\n<td style=\"vertical-align: top;\"><a href=\"http:\/\/www.plankegulv.com\/general\/brochure\/lille\/format.pdf\" target=\"_blank\" rel=\"noopener\"><img loading=\"lazy\" decoding=\"async\" alt=\"Download vores brochure.\" src=\"wp-content\/uploads\/2014\/03\/content-arrow.png\" width=\"30\" height=\"25\" border=\"0\" \/><\/a><\/td>\n<td style=\"vertical-align: top;\">Download vores <a title=\"Download vores brochure.\" href=\"http:\/\/www.plankegulv.com\/general\/brochure\/lille\/format.pdf\" target=\"_blank\" rel=\"noopener\">brochure<\/a>.<\/td>\n<\/tr>\n<\/tbody>\n<\/table>\n<\/div>\n","protected":false},"excerpt":{"rendered":"<p>Bredt sortiment af gulve Alle PA-gulve produceres p\u00e5 det traditionsrige danske savv\u00e6rk beliggende n\u00e6r Faaborg p\u00e5 Fyn. PA Savv\u00e6rk har leveret tr\u00e6 til danskerne siden 1885 og rangerer i dag blandt landets f\u00f8rende tr\u00e6leverand\u00f8rer.Savv\u00e6rket er et af landets \u00e6ldste af sin slags. Og netop traditionen for det gode h\u00e5ndv\u00e6rk og lidenskaben for tr\u00e6 borger ikke&#8230;<\/p>\n","protected":false},"author":1,"featured_media":0,"parent":0,"menu_order":0,"comment_status":"closed","ping_status":"closed","template":"template-fullwidth.php","meta":{"footnotes":"","_links_to":"","_links_to_target":""},"class_list":["post-640","page","type-page","status-publish","hentry"],"_links":{"self":[{"href":"https:\/\/www.mogens-green.dk\/index.php?rest_route=\/wp\/v2\/pages\/640"}],"collection":[{"href":"https:\/\/www.mogens-green.dk\/index.php?rest_route=\/wp\/v2\/pages"}],"about":[{"href":"https:\/\/www.mogens-green.dk\/index.php?rest_route=\/wp\/v2\/types\/page"}],"author":[{"embeddable":true,"href":"https:\/\/www.mogens-green.dk\/index.php?rest_route=\/wp\/v2\/users\/1"}],"replies":[{"embeddable":true,"href":"https:\/\/www.mogens-green.dk\/index.php?rest_route=%2Fwp%2Fv2%2Fcomments&post=640"}],"version-history":[{"count":17,"href":"https:\/\/www.mogens-green.dk\/index.php?rest_route=\/wp\/v2\/pages\/640\/revisions"}],"predecessor-version":[{"id":885,"href":"https:\/\/www.mogens-green.dk\/index.php?rest_route=\/wp\/v2\/pages\/640\/revisions\/885"}],"wp:attachment":[{"href":"https:\/\/www.mogens-green.dk\/index.php?rest_route=%2Fwp%2Fv2%2Fmedia&parent=640"}],"curies":[{"name":"wp","href":"https:\/\/api.w.org\/{rel}","templated":true}]}}