{"id":638,"date":"2014-03-17T01:59:05","date_gmt":"2014-03-17T01:59:05","guid":{"rendered":"http:\/\/www.mapsrv.dk\/?page_id=638"},"modified":"2024-11-12T04:47:28","modified_gmt":"2024-11-12T02:47:28","slug":"moland-3","status":"publish","type":"page","link":"https:\/\/www.mogens-green.dk\/?page_id=638","title":{"rendered":"Moland"},"content":{"rendered":"<h1>Gulve<\/h1>\n<div>\n<table>\n<tbody>\n<tr>\n<td style=\"padding-right: 50px;\">\n<div>Moland gulve m\u00f8der du overalt. I store boligbyggerier, erhvervsbyggerier, forretninger, kulturhuse, institutioner og ikke mindst i private boliger. Kig dig omkring hos naboerne. Der er sikkert en eller flere, der har et Moland gulv.Sortimentet er bredt, meget bredt og i konstant udvikling. Vi f\u00f8lger hele tiden trenden p\u00e5 boligomr\u00e5det og de nyeste udviklinger inden for teknik og overfladebehandlinger.<\/p>\n<p><strong>L\u00e6g dit nye gulv nemt og hurtigt<\/strong><\/p>\n<p>Et af vore nye produkter er Molaloc, en ny type tr\u00e6gulv i lamelparket. Det l\u00e6gges hurtigere end noget andet parketgulv.<\/p>\n<p>Gulvet skal ikke limes, og selve samlingen foreg\u00e5r med et l\u00e5sesystem i fer og not, hvor de enkelte br\u00e6dder blot vippes p\u00e5 plads.<\/p>\n<\/div>\n<div><\/div>\n<div>\n<div><strong>Dag til dag levering<br \/>\n<\/strong><br \/>\nF\u00e5 tilsendt en pr\u00f8ve p\u00e5 tr\u00e6gulve, og benyt muligheden for at se og f\u00f8le produktet &#8211; f\u00f8r du tr\u00e6ffer dit valg af gulvbel\u00e6gning.Alle bestillinger der modtages hos Moland inden middag &#8211; og i praksis ogs\u00e5 lidt senere &#8211; er leveret over hele landet n\u00e6ste dag.<\/p>\n<\/div>\n<\/div>\n<\/td>\n<td style=\"vertical-align: top;\">\n<div><img loading=\"lazy\" decoding=\"async\" style=\"margin-bottom: 20px;\" alt=\"\" src=\"wp-content\/uploads\/2014\/03\/image3.png\" width=\"146\" height=\"146\" border=\"0\" \/><\/div>\n<div>\n<p><img loading=\"lazy\" decoding=\"async\" alt=\"\" src=\"wp-content\/uploads\/2014\/03\/image4.png\" width=\"146\" height=\"146\" border=\"0\" \/><\/p>\n<\/div>\n<\/td>\n<\/tr>\n<\/tbody>\n<\/table>\n<\/div>\n","protected":false},"excerpt":{"rendered":"<p>Gulve Moland gulve m\u00f8der du overalt. I store boligbyggerier, erhvervsbyggerier, forretninger, kulturhuse, institutioner og ikke mindst i private boliger. Kig dig omkring hos naboerne. Der er sikkert en eller flere, der har et Moland gulv.Sortimentet er bredt, meget bredt og i konstant udvikling. Vi f\u00f8lger hele tiden trenden p\u00e5 boligomr\u00e5det og de nyeste udviklinger inden&#8230;<\/p>\n","protected":false},"author":1,"featured_media":0,"parent":0,"menu_order":0,"comment_status":"closed","ping_status":"closed","template":"template-fullwidth.php","meta":{"footnotes":"","_links_to":"","_links_to_target":""},"class_list":["post-638","page","type-page","status-publish","hentry"],"_links":{"self":[{"href":"https:\/\/www.mogens-green.dk\/index.php?rest_route=\/wp\/v2\/pages\/638"}],"collection":[{"href":"https:\/\/www.mogens-green.dk\/index.php?rest_route=\/wp\/v2\/pages"}],"about":[{"href":"https:\/\/www.mogens-green.dk\/index.php?rest_route=\/wp\/v2\/types\/page"}],"author":[{"embeddable":true,"href":"https:\/\/www.mogens-green.dk\/index.php?rest_route=\/wp\/v2\/users\/1"}],"replies":[{"embeddable":true,"href":"https:\/\/www.mogens-green.dk\/index.php?rest_route=%2Fwp%2Fv2%2Fcomments&post=638"}],"version-history":[{"count":6,"href":"https:\/\/www.mogens-green.dk\/index.php?rest_route=\/wp\/v2\/pages\/638\/revisions"}],"predecessor-version":[{"id":665,"href":"https:\/\/www.mogens-green.dk\/index.php?rest_route=\/wp\/v2\/pages\/638\/revisions\/665"}],"wp:attachment":[{"href":"https:\/\/www.mogens-green.dk\/index.php?rest_route=%2Fwp%2Fv2%2Fmedia&parent=638"}],"curies":[{"name":"wp","href":"https:\/\/api.w.org\/{rel}","templated":true}]}}