{"id":634,"date":"2014-03-17T01:58:30","date_gmt":"2014-03-17T01:58:30","guid":{"rendered":"http:\/\/www.mapsrv.dk\/?page_id=634"},"modified":"2024-11-12T04:48:18","modified_gmt":"2024-11-12T02:48:18","slug":"fjordal-3","status":"publish","type":"page","link":"https:\/\/www.mogens-green.dk\/?page_id=634","title":{"rendered":"Fjordal"},"content":{"rendered":"<h1>Stort sortiment i kvalitetstr\u00e6gulve<\/h1>\n<table>\n<tbody>\n<tr>\n<td style=\"padding-right: 50px; vertical-align: top;\">\n<div>\n<p>FJORDAL varem\u00e6rket blev lanceret i 1998, og er i dag blandt Danmarks f\u00f8rende inden for kvalitetstr\u00e6gulv.<\/p>\n<p>R\u00e5materialerne til FJORDAL-produkterne finder vi overalt i verden, hvor de bedste og mest sp\u00e6ndende tr\u00e6sorter bliver udvalgt. Med r\u00f8dder i de skandinaviske traditioner for rene linier i design og solidt h\u00e5ndv\u00e6rk, arbejder vi bevidst p\u00e5 at skaffe tr\u00e6gulve, der er smukke, men ogs\u00e5 slidst\u00e6rke.<\/p>\n<p><strong>Et par gode r\u00e5d<br \/>\n<\/strong>Inden du g\u00e5r ud og investerer i et tr\u00e6gulv, b\u00f8r du g\u00f8re dig klar, hvad gulvet skal holde til.<\/p>\n<p>Til et st\u00e6rkt gulv til f.eks. husets entr\u00e9, k\u00f8kkenalrum eller spisestue, b\u00f8r du v\u00e6lge tr\u00e6sorter som eg, ask, b\u00f8g og merbau, der h\u00f8rer til de h\u00e5rdef\u00f8re tr\u00e6gulve.<\/p>\n<p>Til et bl\u00f8dere og billigere gulv, som f.eks. et fyrretr\u00e6sgulv kan fint v\u00e6lges til et mindre trafikeret rum, s\u00e5som et sovev\u00e6relse.<\/p>\n<\/div>\n<\/td>\n<td style=\"vertical-align: top;\"><img loading=\"lazy\" decoding=\"async\" style=\"margin-right: 10px;\" alt=\"\" src=\"wp-content\/uploads\/2014\/03\/image1.jpg\" width=\"147\" height=\"300\" border=\"0\" \/><\/td>\n<\/tr>\n<\/tbody>\n<\/table>\n","protected":false},"excerpt":{"rendered":"<p>Stort sortiment i kvalitetstr\u00e6gulve FJORDAL varem\u00e6rket blev lanceret i 1998, og er i dag blandt Danmarks f\u00f8rende inden for kvalitetstr\u00e6gulv. R\u00e5materialerne til FJORDAL-produkterne finder vi overalt i verden, hvor de bedste og mest sp\u00e6ndende tr\u00e6sorter bliver udvalgt. Med r\u00f8dder i de skandinaviske traditioner for rene linier i design og solidt h\u00e5ndv\u00e6rk, arbejder vi bevidst p\u00e5&#8230;<\/p>\n","protected":false},"author":1,"featured_media":0,"parent":0,"menu_order":0,"comment_status":"closed","ping_status":"closed","template":"template-fullwidth.php","meta":{"footnotes":"","_links_to":"","_links_to_target":""},"class_list":["post-634","page","type-page","status-publish","hentry"],"_links":{"self":[{"href":"https:\/\/www.mogens-green.dk\/index.php?rest_route=\/wp\/v2\/pages\/634"}],"collection":[{"href":"https:\/\/www.mogens-green.dk\/index.php?rest_route=\/wp\/v2\/pages"}],"about":[{"href":"https:\/\/www.mogens-green.dk\/index.php?rest_route=\/wp\/v2\/types\/page"}],"author":[{"embeddable":true,"href":"https:\/\/www.mogens-green.dk\/index.php?rest_route=\/wp\/v2\/users\/1"}],"replies":[{"embeddable":true,"href":"https:\/\/www.mogens-green.dk\/index.php?rest_route=%2Fwp%2Fv2%2Fcomments&post=634"}],"version-history":[{"count":3,"href":"https:\/\/www.mogens-green.dk\/index.php?rest_route=\/wp\/v2\/pages\/634\/revisions"}],"predecessor-version":[{"id":651,"href":"https:\/\/www.mogens-green.dk\/index.php?rest_route=\/wp\/v2\/pages\/634\/revisions\/651"}],"wp:attachment":[{"href":"https:\/\/www.mogens-green.dk\/index.php?rest_route=%2Fwp%2Fv2%2Fmedia&parent=634"}],"curies":[{"name":"wp","href":"https:\/\/api.w.org\/{rel}","templated":true}]}}