{"id":606,"date":"2014-03-05T05:46:41","date_gmt":"2014-03-05T05:46:41","guid":{"rendered":"http:\/\/www.mapsrv.dk\/?page_id=606"},"modified":"2024-11-12T04:48:38","modified_gmt":"2024-11-12T02:48:38","slug":"byg-garanti","status":"publish","type":"page","link":"https:\/\/www.mogens-green.dk\/?page_id=606","title":{"rendered":"Byg Garanti"},"content":{"rendered":"<h1>Er med i prisen<\/h1>\n<div>Mogens Green Rasmussen er omfattet af Byg Garanti.Skulle du mod forventning blive utilfreds med det arbejde, du har f\u00e5et udf\u00f8rt, bliver du glad for at have valgt en h\u00e5ndv\u00e6rker, som er medlem af Dansk Byggeri. S\u00e5 er arbejdet nemlig d\u00e6kket af Byg Garanti for helt op til 100.000 kr. inkl. moms.<\/p>\n<\/div>\n<div><\/div>\n<div>Byg Garanti tr\u00e6der automatisk i kraft ved aftalens indg\u00e5else med h\u00e5ndv\u00e6rkeren, og ordningen er gratis for dig.<\/div>\n<div><\/div>\n<div>\n<p>&nbsp;<\/p>\n<table style=\"width: 100%; border-collapse: collapse;\">\n<tbody>\n<tr>\n<td style=\"vertical-align: top;\"><strong>Byg Garanti d\u00e6kker:<\/strong><\/p>\n<ul>\n<li>\n<div>arbejde udf\u00f8rt for private kunder p\u00e5 deres private bolig<\/div>\n<\/li>\n<li>synlige mangler i op til 3 \u00e5r og skjulte mangler i op til 10 \u00e5r<\/li>\n<li>op til 100.000 kr. inkl. moms<\/li>\n<li>forbrugeren, der har bestilt arbejdet<\/li>\n<\/ul>\n<div><\/div>\n<div>L\u00e6s mere p\u00e5 <a href=\"http:\/\/www.byggaranti.dk\" target=\"_blank\" rel=\"noopener\">www.byggaranti.dk<\/a><\/div>\n<div><\/div>\n<div>\n<div><strong>Tjekliste og h\u00e5ndbog<\/strong><\/div>\n<div>P\u00e5 byggaranti.dk kan du ogs\u00e5 l\u00e6se eller downloade \u201dByggeriets Servicekoncept\u201d, som er en h\u00e5ndbog udarbejdet i samarbejde med Forbrugerr\u00e5det. H\u00e5ndbogen hj\u00e6lper dig til den bedste byggeproces og det bedste resultat.<\/div>\n<\/div>\n<\/td>\n<td style=\"padding-left: 20px; vertical-align: top; padding-top: 35px;\"><iframe loading=\"lazy\" src=\"http:\/\/www.youtube.com\/embed\/_rSqJOKhKsU\" height=\"230\" width=\"300\" allowfullscreen=\"\" frameborder=\"0\"><\/iframe><\/td>\n<\/tr>\n<\/tbody>\n<\/table>\n<\/div>\n<div><\/div>\n<div>P\u00e5 <a href=\"http:\/\/www.byggaranti.dk\" target=\"_blank\" rel=\"noopener\">www.byggaranti.dk<\/a> kan du under vedt\u00e6gter se, hvad Byg Garantiordningen d\u00e6kker.<\/div>\n<div><\/div>\n<div><a href=\"\/imodul\/297\/296\/indhent-byggetilbud\/1851.html\" target=\"_self\" rel=\"noopener\"><br \/>\n<\/a><\/div>\n<div><\/div>\n","protected":false},"excerpt":{"rendered":"<p>Er med i prisen Mogens Green Rasmussen er omfattet af Byg Garanti.Skulle du mod forventning blive utilfreds med det arbejde, du har f\u00e5et udf\u00f8rt, bliver du glad for at have valgt en h\u00e5ndv\u00e6rker, som er medlem af Dansk Byggeri. S\u00e5 er arbejdet nemlig d\u00e6kket af Byg Garanti for helt op til 100.000 kr. inkl. moms&#8230;.<\/p>\n","protected":false},"author":1,"featured_media":0,"parent":0,"menu_order":0,"comment_status":"closed","ping_status":"closed","template":"template-fullwidth.php","meta":{"footnotes":"","_links_to":"","_links_to_target":""},"class_list":["post-606","page","type-page","status-publish","hentry"],"_links":{"self":[{"href":"https:\/\/www.mogens-green.dk\/index.php?rest_route=\/wp\/v2\/pages\/606"}],"collection":[{"href":"https:\/\/www.mogens-green.dk\/index.php?rest_route=\/wp\/v2\/pages"}],"about":[{"href":"https:\/\/www.mogens-green.dk\/index.php?rest_route=\/wp\/v2\/types\/page"}],"author":[{"embeddable":true,"href":"https:\/\/www.mogens-green.dk\/index.php?rest_route=\/wp\/v2\/users\/1"}],"replies":[{"embeddable":true,"href":"https:\/\/www.mogens-green.dk\/index.php?rest_route=%2Fwp%2Fv2%2Fcomments&post=606"}],"version-history":[{"count":6,"href":"https:\/\/www.mogens-green.dk\/index.php?rest_route=\/wp\/v2\/pages\/606\/revisions"}],"predecessor-version":[{"id":890,"href":"https:\/\/www.mogens-green.dk\/index.php?rest_route=\/wp\/v2\/pages\/606\/revisions\/890"}],"wp:attachment":[{"href":"https:\/\/www.mogens-green.dk\/index.php?rest_route=%2Fwp%2Fv2%2Fmedia&parent=606"}],"curies":[{"name":"wp","href":"https:\/\/api.w.org\/{rel}","templated":true}]}}