{"id":556,"date":"2014-03-05T05:35:03","date_gmt":"2014-03-05T05:35:03","guid":{"rendered":"http:\/\/www.mapsrv.dk\/?page_id=556"},"modified":"2024-11-12T04:48:12","modified_gmt":"2024-11-12T02:48:12","slug":"havestuer","status":"publish","type":"page","link":"https:\/\/www.mogens-green.dk\/?page_id=556","title":{"rendered":"Havestuer"},"content":{"rendered":"<div>T\u00f8mrermester Mogens Green Rasmussen tilbyder opf\u00f8relse af anneks til sommerhuset, en garage eller en havestue til de dejlige sommeraftener og meget mere.<\/p>\n<p>Ved st\u00f8rre ombygninger og forandringer, som har betydning for byggeriets energibehov, skal klimask\u00e6rm og installationer have den forn\u00f8dne rentabilitet, dvs. den energibesparende foranstaltning skal v\u00e6re rentabel.<\/p>\n<p>Som udgangspunkt skal Bygningsreglementet (BR08) altid f\u00f8lges ved ombygninger, men der kan v\u00e6re visse bestemmelser, som man ikke kan opfylde, uden at man foretager st\u00f8rre \u00e6ndringer af bygningen. &#8211; fx ved flytning af b\u00e6rende v\u00e6gge.<\/p>\n<p>Hvis du g\u00e5r med byggetanker, og vil h\u00f8re mere om mulighederne for nybyggeri eller har sp\u00f8rgsm\u00e5l til regler og bestemmelser, s\u00e5 kontakt T\u00f8mrermester Mogens Green Rasmussen.<\/p><\/div>\n<div><\/div>\n<div class=\"nivoSlider\" style=\"height: 236px; width: 600px;\"><img decoding=\"async\" alt=\"\" src=\"wp-content\/uploads\/2014\/03\/havestuer1.jpg\" \/><br \/>\n<img decoding=\"async\" alt=\"\" src=\"wp-content\/uploads\/2014\/03\/havestuer2.jpg\" \/><\/div>\n","protected":false},"excerpt":{"rendered":"<p>T\u00f8mrermester Mogens Green Rasmussen tilbyder opf\u00f8relse af anneks til sommerhuset, en garage eller en havestue til de dejlige sommeraftener og meget mere. Ved st\u00f8rre ombygninger og forandringer, som har betydning for byggeriets energibehov, skal klimask\u00e6rm og installationer have den forn\u00f8dne rentabilitet, dvs. den energibesparende foranstaltning skal v\u00e6re rentabel. Som udgangspunkt skal Bygningsreglementet (BR08) altid f\u00f8lges&#8230;<\/p>\n","protected":false},"author":1,"featured_media":0,"parent":0,"menu_order":0,"comment_status":"closed","ping_status":"closed","template":"template-fullwidth.php","meta":{"footnotes":"","_links_to":"","_links_to_target":""},"class_list":["post-556","page","type-page","status-publish","hentry"],"_links":{"self":[{"href":"https:\/\/www.mogens-green.dk\/index.php?rest_route=\/wp\/v2\/pages\/556"}],"collection":[{"href":"https:\/\/www.mogens-green.dk\/index.php?rest_route=\/wp\/v2\/pages"}],"about":[{"href":"https:\/\/www.mogens-green.dk\/index.php?rest_route=\/wp\/v2\/types\/page"}],"author":[{"embeddable":true,"href":"https:\/\/www.mogens-green.dk\/index.php?rest_route=\/wp\/v2\/users\/1"}],"replies":[{"embeddable":true,"href":"https:\/\/www.mogens-green.dk\/index.php?rest_route=%2Fwp%2Fv2%2Fcomments&post=556"}],"version-history":[{"count":6,"href":"https:\/\/www.mogens-green.dk\/index.php?rest_route=\/wp\/v2\/pages\/556\/revisions"}],"predecessor-version":[{"id":829,"href":"https:\/\/www.mogens-green.dk\/index.php?rest_route=\/wp\/v2\/pages\/556\/revisions\/829"}],"wp:attachment":[{"href":"https:\/\/www.mogens-green.dk\/index.php?rest_route=%2Fwp%2Fv2%2Fmedia&parent=556"}],"curies":[{"name":"wp","href":"https:\/\/api.w.org\/{rel}","templated":true}]}}