{"id":541,"date":"2014-03-05T05:28:06","date_gmt":"2014-03-05T05:28:06","guid":{"rendered":"http:\/\/www.mapsrv.dk\/?page_id=541"},"modified":"2024-11-12T04:46:39","modified_gmt":"2024-11-12T02:46:39","slug":"rheinzink","status":"publish","type":"page","link":"https:\/\/www.mogens-green.dk\/?page_id=541","title":{"rendered":"Rheinzink"},"content":{"rendered":"<h1>RHEINZINK\u00ae &#8211; ansigtsl\u00f8ftning til dit hus<\/h1>\n<div>Zink er et byggeteknisk velegnet og arkitektonisk meget sp\u00e6ndende materiale til tag- og facadebekl\u00e6dninger. RHEINZINK har udviklet en r\u00e6kke designs med hvert deres karakteristiske udtryk, alternativt kan din blikkenslager skr\u00e6ddersy den l\u00f8sning, du foretr\u00e6kker.RHEINZINK\u00ae tag, facader og tagrender modst\u00e5r det danske vejrlig, er vedligeholdelsesfrie og holder sig smukke i mange \u00e5rtier i kraft af den naturlige patinering med \u00e5rene.<\/p>\n<\/div>\n<div>\n<table>\n<tbody>\n<tr>\n<td style=\"vertical-align: top;\">\n<p align=\"center\"><img loading=\"lazy\" decoding=\"async\" style=\"border: #a9a9a9 1px solid;\" alt=\"\" src=\"wp-content\/uploads\/2014\/03\/tagrende-1.jpg\" width=\"550\" height=\"212\" \/><\/p>\n<\/td>\n<\/tr>\n<\/tbody>\n<\/table>\n<\/div>\n<div><strong>Renovering med RHEINZINK\u00ae<\/strong><br \/>\nI kraft af zinkens tidl\u00f8se design og enkelhed passer den flot ind i arkitekturen p\u00e5 s\u00e5vel moderne som \u00e6ldre ejendomme, hvor fx gavlen, vindskederne, garagetaget, kvisten, indd\u00e6kningerne eller ud-\/tilbygning skal renoveres eller laves. Ved at benytte zink p\u00e5 alle disse gennembrydninger, tage eller facader opn\u00e5s ogs\u00e5 en flot harmoni med allerede eksisterende bygningsmaterialer men ogs\u00e5 en ensartethed mellem alle disse forbedringerr\/tilbygninger samt eksisterende eller kommende zink tagrender og nedl\u00f8b.<strong>Perfekt til indd\u00e6kning<\/strong><br \/>\nRHEINZINK\u00ae-indd\u00e6kningszink er skabt til indd\u00e6kninger ved skorstene, kviste og andre gennembrydninger. Materialet er bl\u00f8dere end titanzink og har lav v\u00e6gt, hvilket g\u00f8r det b\u00e5de fleksibelt, formbart og nemt at arbejde med. N\u00e5r f\u00f8rst indd\u00e6kningszinken er tildannet er den med sin stivhed meget formstabil.<\/p>\n<p>RHEINZINK\u00ae-indd\u00e6kningszink har en sk\u00f8nnet levetid p\u00e5 60-75 \u00e5r, patinerer smukt op og harmonerer flot med andre zinkbekl\u00e6dte dele p\u00e5 tagfladen.<\/p>\n<p>Find mere information p\u00e5 <a href=\"http:\/\/www.rheinzink.dk\" target=\"_blank\" rel=\"noopener\">www.rheinzink.dk<\/a><\/p>\n<\/div>\n<div>\n<table style=\"width: 100%;\">\n<tbody>\n<tr>\n<td style=\"vertical-align: top;\"><img loading=\"lazy\" decoding=\"async\" style=\"border: #a9a9a9 1px solid;\" alt=\"\" src=\"wp-content\/uploads\/2014\/03\/tagrende-2.jpg\" width=\"160\" height=\"160\" \/><\/td>\n<td style=\"vertical-align: top;\">\n<p align=\"center\"><img loading=\"lazy\" decoding=\"async\" style=\"border: #a9a9a9 1px solid;\" alt=\"\" src=\"wp-content\/uploads\/2014\/03\/tagrende-3.jpg\" width=\"160\" height=\"160\" \/><\/p>\n<\/td>\n<td style=\"vertical-align: top;\">\n<p align=\"right\"><img loading=\"lazy\" decoding=\"async\" style=\"border: #a9a9a9 1px solid;\" alt=\"\" src=\"wp-content\/uploads\/2014\/03\/tagrende-4.jpg\" width=\"160\" height=\"160\" \/><\/p>\n<\/td>\n<\/tr>\n<\/tbody>\n<\/table>\n<\/div>\n<div><em><span style=\"font-size: 9px;\">\u201dIndd\u00e6kningszink vurderes som det mest teknisk velegnede materiale til forskellige slags indd\u00e6kninger og gennemf\u00f8ringer, sammenholdt med andre blyfri indd\u00e6kningsl\u00f8sninger\u201d, Milj\u00f8styrelsen (Milj\u00f8projekt nr. 593, 2001).<br \/>\n<\/span><\/em><\/div>\n","protected":false},"excerpt":{"rendered":"<p>RHEINZINK\u00ae &#8211; ansigtsl\u00f8ftning til dit hus Zink er et byggeteknisk velegnet og arkitektonisk meget sp\u00e6ndende materiale til tag- og facadebekl\u00e6dninger. RHEINZINK har udviklet en r\u00e6kke designs med hvert deres karakteristiske udtryk, alternativt kan din blikkenslager skr\u00e6ddersy den l\u00f8sning, du foretr\u00e6kker.RHEINZINK\u00ae tag, facader og tagrender modst\u00e5r det danske vejrlig, er vedligeholdelsesfrie og holder sig smukke i&#8230;<\/p>\n","protected":false},"author":1,"featured_media":0,"parent":0,"menu_order":0,"comment_status":"closed","ping_status":"closed","template":"template-fullwidth.php","meta":{"footnotes":"","_links_to":"","_links_to_target":""},"class_list":["post-541","page","type-page","status-publish","hentry"],"_links":{"self":[{"href":"https:\/\/www.mogens-green.dk\/index.php?rest_route=\/wp\/v2\/pages\/541"}],"collection":[{"href":"https:\/\/www.mogens-green.dk\/index.php?rest_route=\/wp\/v2\/pages"}],"about":[{"href":"https:\/\/www.mogens-green.dk\/index.php?rest_route=\/wp\/v2\/types\/page"}],"author":[{"embeddable":true,"href":"https:\/\/www.mogens-green.dk\/index.php?rest_route=\/wp\/v2\/users\/1"}],"replies":[{"embeddable":true,"href":"https:\/\/www.mogens-green.dk\/index.php?rest_route=%2Fwp%2Fv2%2Fcomments&post=541"}],"version-history":[{"count":6,"href":"https:\/\/www.mogens-green.dk\/index.php?rest_route=\/wp\/v2\/pages\/541\/revisions"}],"predecessor-version":[{"id":883,"href":"https:\/\/www.mogens-green.dk\/index.php?rest_route=\/wp\/v2\/pages\/541\/revisions\/883"}],"wp:attachment":[{"href":"https:\/\/www.mogens-green.dk\/index.php?rest_route=%2Fwp%2Fv2%2Fmedia&parent=541"}],"curies":[{"name":"wp","href":"https:\/\/api.w.org\/{rel}","templated":true}]}}