{"id":537,"date":"2014-03-05T05:26:25","date_gmt":"2014-03-05T05:26:25","guid":{"rendered":"http:\/\/www.mapsrv.dk\/?page_id=537"},"modified":"2024-11-12T04:46:54","modified_gmt":"2024-11-12T02:46:54","slug":"plastmo","status":"publish","type":"page","link":"https:\/\/www.mogens-green.dk\/?page_id=537","title":{"rendered":"Plastmo"},"content":{"rendered":"<h1>Tagrender og Twinlite Termotage<\/h1>\n<table style=\"width: 100%; border-collapse: collapse;\">\n<tbody>\n<tr>\n<td style=\"padding-bottom: 10px; vertical-align: top; padding-top: 10px;\"><img loading=\"lazy\" decoding=\"async\" style=\"margin-right: 15px; border: #000000 1px solid;\" alt=\"\" src=\"wp-content\/uploads\/2014\/03\/content-plastmo-toemrer-tagrender.jpg\" width=\"162\" height=\"145\" \/><\/td>\n<td style=\"padding-bottom: 10px; vertical-align: top; padding-top: 10px;\">\n<div><span style=\"font-weight: bold;\">Tagrender<\/span><br \/>\nPlastmo Tagrender er elegant dansk design gennem mere end 50 \u00e5r.Vi har derfor den n\u00f8dvendige viden og erfaring til at kunne give dig den bedste tagrendel\u00f8sning. En l\u00f8sning, der er funktionel, holdbar og enkel at montere.V\u00e6lg mellem tagrender i plast, aluzink, st\u00e5l, st\u00e5l plus, zink eller kobber.<\/p>\n<\/div>\n<\/td>\n<\/tr>\n<tr>\n<td style=\"padding-bottom: 6px; vertical-align: top; padding-top: 6px;\"><\/td>\n<td style=\"padding-bottom: 6px; vertical-align: top; padding-top: 6px;\"><\/td>\n<\/tr>\n<tr>\n<td style=\"padding-bottom: 10px; vertical-align: top; padding-top: 10px;\"><img loading=\"lazy\" decoding=\"async\" style=\"margin-right: 15px; border: #000000 1px solid;\" alt=\"\" src=\"wp-content\/uploads\/2014\/03\/content-plastmo-toemrer-termotage.jpg\" width=\"162\" height=\"145\" \/><\/td>\n<td style=\"padding-bottom: 10px; vertical-align: top; padding-top: 10px;\">\n<div>\n<p><span style=\"font-weight: bold;\">TwinLite Termotage<\/span><br \/>\nEt flot tag med en behagelig lysgennemgang. Med et termotag minimeres risikoen for kondens i udestuen.<\/p>\n<p>V\u00e6lger man at l\u00e6gge tykke termoplader, f\u00e5r man desuden et tag med god isoleringsevne. Udestuen kan s\u00e5 bruges fra tidligt for\u00e5r til langt ud p\u00e5 efter\u00e5ret, eller med komfortvarme som vinterhave \u00e5ret rundt.<\/p>\n<p>&nbsp;<\/p>\n<\/div>\n<\/td>\n<\/tr>\n<\/tbody>\n<\/table>\n","protected":false},"excerpt":{"rendered":"<p>Tagrender og Twinlite Termotage Tagrender Plastmo Tagrender er elegant dansk design gennem mere end 50 \u00e5r.Vi har derfor den n\u00f8dvendige viden og erfaring til at kunne give dig den bedste tagrendel\u00f8sning. En l\u00f8sning, der er funktionel, holdbar og enkel at montere.V\u00e6lg mellem tagrender i plast, aluzink, st\u00e5l, st\u00e5l plus, zink eller kobber. TwinLite Termotage Et&#8230;<\/p>\n","protected":false},"author":1,"featured_media":0,"parent":0,"menu_order":0,"comment_status":"closed","ping_status":"closed","template":"template-fullwidth.php","meta":{"footnotes":"","_links_to":"","_links_to_target":""},"class_list":["post-537","page","type-page","status-publish","hentry"],"_links":{"self":[{"href":"https:\/\/www.mogens-green.dk\/index.php?rest_route=\/wp\/v2\/pages\/537"}],"collection":[{"href":"https:\/\/www.mogens-green.dk\/index.php?rest_route=\/wp\/v2\/pages"}],"about":[{"href":"https:\/\/www.mogens-green.dk\/index.php?rest_route=\/wp\/v2\/types\/page"}],"author":[{"embeddable":true,"href":"https:\/\/www.mogens-green.dk\/index.php?rest_route=\/wp\/v2\/users\/1"}],"replies":[{"embeddable":true,"href":"https:\/\/www.mogens-green.dk\/index.php?rest_route=%2Fwp%2Fv2%2Fcomments&post=537"}],"version-history":[{"count":13,"href":"https:\/\/www.mogens-green.dk\/index.php?rest_route=\/wp\/v2\/pages\/537\/revisions"}],"predecessor-version":[{"id":742,"href":"https:\/\/www.mogens-green.dk\/index.php?rest_route=\/wp\/v2\/pages\/537\/revisions\/742"}],"wp:attachment":[{"href":"https:\/\/www.mogens-green.dk\/index.php?rest_route=%2Fwp%2Fv2%2Fmedia&parent=537"}],"curies":[{"name":"wp","href":"https:\/\/api.w.org\/{rel}","templated":true}]}}