{"id":526,"date":"2014-03-05T05:22:35","date_gmt":"2014-03-05T05:22:35","guid":{"rendered":"http:\/\/www.mapsrv.dk\/?page_id=526"},"modified":"2024-11-12T04:47:34","modified_gmt":"2024-11-12T02:47:34","slug":"metrotile","status":"publish","type":"page","link":"https:\/\/www.mogens-green.dk\/?page_id=526","title":{"rendered":"Metrotile"},"content":{"rendered":"<h1>Bond\u00ae &#8211; et tag der kan tr\u00e6kke vejret<\/h1>\n<div><img loading=\"lazy\" decoding=\"async\" style=\"margin-left: 30px; border: #dcdcdc 1px solid;\" alt=\"\" src=\"wp-content\/uploads\/2014\/03\/metro-content-montering.jpg\" width=\"240\" height=\"152\" align=\"right\" \/>Er dit gamle tag f.eks. af cementb\u00f8lgeplader, skifer eller tagpap kan du montere et nyt Metrotile Bond st\u00e5ltag direkte oven p\u00e5 det gamle. Du slipper derfor for at f\u00e5 lavet ny tagkonstruktion og for at skulle bortskaffe det gamle tag, der i stedet fungerer som et gratis undertag.\n<\/div>\n<ul style=\"margin-left: 2em;\" type=\"disc\">\n<li>\n<div>Bevar dit tag som undertag<\/div>\n<div><\/div>\n<\/li>\n<li>\n<div>Renovere uden bekymringer om regn<\/div>\n<div><\/div>\n<\/li>\n<li>\n<div>Spar penge og tid ved bortskaffelse af gammelt tag<\/div>\n<div><\/div>\n<\/li>\n<li>\n<div>Forny dit hjem p\u00e5 en uge\n<\/div>\n<div><\/div>\n<\/li>\n<\/ul>\n<div><\/div>\n<div><\/div>\n<div>\n<table style=\"width: 100%; border-collapse: collapse;\">\n<tbody>\n<tr>\n<td style=\"padding-bottom: 20px; padding-right: 30px; vertical-align: top;\"><span style=\"font-weight: bold;\">Aluzink 185 &#8211; grunden til markedets bedste garanti<br \/>\n<\/span>Aluzink er et produkt med en lang levetid der g\u00f8r det velegnet til tagbel\u00e6gninger samt facadebekl\u00e6dninger. Ud over at besidde en stor modstandskraft over for salt, er Aluzink ogs\u00e5 godt for milj\u00f8et.<\/p>\n<div>Aluzink afgiver 50 % mindre zink til grundvandet i forhold til eksempelvis galvaniseret st\u00e5l. Samtidig bliver ca. 650 millioner tons st\u00e5l genanvendt hvert \u00e5r &#8211; det svarer til ca. 50 % af det \u00e5rlige forbrug i verden.<\/p>\n<\/div>\n<div>Aluzink har en fantastisk evne til, at genererer et nyt beskyttelses lag i tilf\u00e6lde af sk\u00e6ring eller ridser i materialet. Aluzinken vandrer ganske enkelt hen over den \u00e5bne flade &#8211; dette vil forhindre nedbrydningen af taget i en \u00e5relang periode.<\/div>\n<\/td>\n<td style=\"width: 45%; vertical-align: top;\"><span style=\"font-weight: bold;\">Godt for milj\u00f8et<br \/>\n<\/span>Alle produkter er produceret p\u00e5 vores fabrik i Belgien &#8211; hvor virksomhedens produktion er milj\u00f8 certificeret i henhold til ISO 14001. Udover dette er produkterne alle ISO 9001 godkendte.<\/p>\n<div>\n<p>N\u00e5r produkterne forlader virksomheden \u2013 kan vi transportere otte gange mere tag p\u00e5 hver lastbil \u2013 end man kan af normale tagprodukter. Dette resulterer naturligvis i et v\u00e6sentligt mindre udslip af CO2.<\/p>\n<p>I forl\u00e6ngelse af dette kan produkterne genanvendes 100 procent n\u00e5r de en dag giver op efter et langt naturligt liv.<\/p>\n<\/div>\n<\/td>\n<\/tr>\n<\/tbody>\n<\/table>\n<\/div>\n","protected":false},"excerpt":{"rendered":"<p>Bond\u00ae &#8211; et tag der kan tr\u00e6kke vejret Er dit gamle tag f.eks. af cementb\u00f8lgeplader, skifer eller tagpap kan du montere et nyt Metrotile Bond st\u00e5ltag direkte oven p\u00e5 det gamle. Du slipper derfor for at f\u00e5 lavet ny tagkonstruktion og for at skulle bortskaffe det gamle tag, der i stedet fungerer som et gratis&#8230;<\/p>\n","protected":false},"author":1,"featured_media":0,"parent":0,"menu_order":0,"comment_status":"closed","ping_status":"closed","template":"template-fullwidth.php","meta":{"footnotes":"","_links_to":"","_links_to_target":""},"class_list":["post-526","page","type-page","status-publish","hentry"],"_links":{"self":[{"href":"https:\/\/www.mogens-green.dk\/index.php?rest_route=\/wp\/v2\/pages\/526"}],"collection":[{"href":"https:\/\/www.mogens-green.dk\/index.php?rest_route=\/wp\/v2\/pages"}],"about":[{"href":"https:\/\/www.mogens-green.dk\/index.php?rest_route=\/wp\/v2\/types\/page"}],"author":[{"embeddable":true,"href":"https:\/\/www.mogens-green.dk\/index.php?rest_route=\/wp\/v2\/users\/1"}],"replies":[{"embeddable":true,"href":"https:\/\/www.mogens-green.dk\/index.php?rest_route=%2Fwp%2Fv2%2Fcomments&post=526"}],"version-history":[{"count":3,"href":"https:\/\/www.mogens-green.dk\/index.php?rest_route=\/wp\/v2\/pages\/526\/revisions"}],"predecessor-version":[{"id":530,"href":"https:\/\/www.mogens-green.dk\/index.php?rest_route=\/wp\/v2\/pages\/526\/revisions\/530"}],"wp:attachment":[{"href":"https:\/\/www.mogens-green.dk\/index.php?rest_route=%2Fwp%2Fv2%2Fmedia&parent=526"}],"curies":[{"name":"wp","href":"https:\/\/api.w.org\/{rel}","templated":true}]}}