{"id":519,"date":"2014-03-05T05:20:16","date_gmt":"2014-03-05T05:20:16","guid":{"rendered":"http:\/\/www.mapsrv.dk\/?page_id=519"},"modified":"2024-11-12T04:47:38","modified_gmt":"2024-11-12T02:47:38","slug":"lindab","status":"publish","type":"page","link":"https:\/\/www.mogens-green.dk\/?page_id=519","title":{"rendered":"Lindab"},"content":{"rendered":"<h1>Topline &#8211; det st\u00e6rke og smukke tag<\/h1>\n<div><img loading=\"lazy\" decoding=\"async\" style=\"margin-left: 10px;\" alt=\"\" src=\"wp-content\/uploads\/2014\/03\/content-tag-topline-1.jpg\" width=\"210\" height=\"270\" align=\"right\" border=\"0\" \/>Et nyt smukt tag beh\u00f8ver ikke v\u00e6re en umulig dr\u00f8m og der er ikke noget som et nyt tag, der kan \u00e6ndre karakteren p\u00e5 et hus og l\u00f8fte det en klasse. Om det er gamle huse, nye huse, h\u00f8je huse, lave huse, i byen, p\u00e5 landet. Alle fortjener de et smukt og holdbart tag, som deres ejere kan v\u00e6re stolte af.<\/p>\n<p>Det bedste ved det hele er, at det smukke resultat kan opn\u00e5s ganske enkelt. Lindab Topline er en gennemt\u00e6nkt og professionel l\u00f8sning, der er let at montere direkte oven p\u00e5 dit gamle tag. Og det holder sig smukt og t\u00e6t \u00e5r efter \u00e5r.<\/p>\n<p><strong><span style=\"color: #0095d8;\">Derfor v\u00e6lges Lindab Topline tagstensprofiltag:<\/span><\/strong><\/div>\n<ul>\n<li>\n<div>Unikt design<\/div>\n<div><\/div>\n<\/li>\n<li>\n<div>Flotte overflader sikrer et smukt tag<\/div>\n<div><\/div>\n<\/li>\n<li>\n<div>Monteres direkte ovenp\u00e5 det gamle tag<\/div>\n<div><\/div>\n<\/li>\n<li>\n<div>Ingen mos og alger<\/div>\n<div><\/div>\n<\/li>\n<li>\n<div>Lange l\u00e6ngder &#8211; f\u00e5 samlinger<\/div>\n<div><\/div>\n<\/li>\n<\/ul>\n<div>\n<table>\n<tbody>\n<tr>\n<td><strong><span style=\"color: #0095d8;\">Dit valg &#8211; mat eller blank<\/span><\/strong><br \/>\nDet er med huse, som det er med mennesker.<br \/>\nDe har personlighed. Derfor kan du med Lindab Topline v\u00e6lge mellem blank eller mat finish p\u00e5 taget, og p\u00e5 den m\u00e5de kan du altid ramme lige det look, som passer bedst til dit hjem.<\/td>\n<td style=\"vertical-align: top;\"><strong><span style=\"color: #0095d8;\">En s\u00e6rlig overflade<\/span><\/strong><br \/>\nDit nye tag skal v\u00e6re flot i dag, i morgen og mange \u00e5r frem i tiden. Men snavs, vejr og vind kan hurtigt s\u00e6tte taget p\u00e5 en h\u00e5rd pr\u00f8ve. Derfor har et Lindab Topline tag en meget fin og glat overflade, der g\u00f8r det sv\u00e6rt for mos og alger at bide sig fast.<\/td>\n<\/tr>\n<\/tbody>\n<\/table>\n<\/div>\n<div>\n<strong><span style=\"color: #0095d8;\">St\u00e5lst\u00e6rk<\/span><\/strong><br \/>\nKernen i Lindab Topline er varmgalvaniseret st\u00e5l overtrukket med en h\u00e5rdf\u00f8r vind- og vejrbestandig overfladebehandling. Denne ekstremt st\u00e6rke kombination opfylder alle krav, og g\u00f8r, at du trygt kan l\u00e6gge et Lindab tag p\u00e5 dine boligdr\u00f8mme \u2013 ogs\u00e5 n\u00e5r det bl\u00e6ser ekstra kraftigt i Danmark.<\/p>\n<\/div>\n","protected":false},"excerpt":{"rendered":"<p>Topline &#8211; det st\u00e6rke og smukke tag Et nyt smukt tag beh\u00f8ver ikke v\u00e6re en umulig dr\u00f8m og der er ikke noget som et nyt tag, der kan \u00e6ndre karakteren p\u00e5 et hus og l\u00f8fte det en klasse. Om det er gamle huse, nye huse, h\u00f8je huse, lave huse, i byen, p\u00e5 landet. Alle fortjener&#8230;<\/p>\n","protected":false},"author":1,"featured_media":0,"parent":0,"menu_order":0,"comment_status":"closed","ping_status":"closed","template":"template-fullwidth.php","meta":{"footnotes":"","_links_to":"","_links_to_target":""},"class_list":["post-519","page","type-page","status-publish","hentry"],"_links":{"self":[{"href":"https:\/\/www.mogens-green.dk\/index.php?rest_route=\/wp\/v2\/pages\/519"}],"collection":[{"href":"https:\/\/www.mogens-green.dk\/index.php?rest_route=\/wp\/v2\/pages"}],"about":[{"href":"https:\/\/www.mogens-green.dk\/index.php?rest_route=\/wp\/v2\/types\/page"}],"author":[{"embeddable":true,"href":"https:\/\/www.mogens-green.dk\/index.php?rest_route=\/wp\/v2\/users\/1"}],"replies":[{"embeddable":true,"href":"https:\/\/www.mogens-green.dk\/index.php?rest_route=%2Fwp%2Fv2%2Fcomments&post=519"}],"version-history":[{"count":4,"href":"https:\/\/www.mogens-green.dk\/index.php?rest_route=\/wp\/v2\/pages\/519\/revisions"}],"predecessor-version":[{"id":525,"href":"https:\/\/www.mogens-green.dk\/index.php?rest_route=\/wp\/v2\/pages\/519\/revisions\/525"}],"wp:attachment":[{"href":"https:\/\/www.mogens-green.dk\/index.php?rest_route=%2Fwp%2Fv2%2Fmedia&parent=519"}],"curies":[{"name":"wp","href":"https:\/\/api.w.org\/{rel}","templated":true}]}}