{"id":492,"date":"2014-03-05T05:06:42","date_gmt":"2014-03-05T05:06:42","guid":{"rendered":"http:\/\/www.mapsrv.dk\/?page_id=492"},"modified":"2024-11-12T04:48:04","modified_gmt":"2024-11-12T02:48:04","slug":"ibf","status":"publish","type":"page","link":"https:\/\/www.mogens-green.dk\/?page_id=492","title":{"rendered":"IBF"},"content":{"rendered":"<h1>IBF Dobbelt-S<\/h1>\n<div>&#8211; \u00e5rtiers meste kendte betontagstensprofil.<\/p>\n<p>IBF Dobbelt-S er kendetegnet ved den lave b\u00f8lgeprofil, som giver det f\u00e6rdige tag et roligt og afd\u00e6mpet udseende. IBF tagsten er fremstillet i gennemfarvet beton, som p\u00e5 oversiden er behandlet med et acrylatmateriale, som udover at give en smuk farve tillige modvirker kalkudf\u00e6ldninger samt mos og algedannelser.<\/p><\/div>\n<div><\/div>\n<div><strong>Stensikker kvalitet<\/p>\n<p><\/strong>IBF tagsten fremstilles ved valse- og form-presning i en fuldautomatisk produktionsproces. Produktionen er omfattet af en l\u00f8bende kvalitets-kontrol, dels af IBF\u2019s eget laboratorium samt Betonvarekontrollen BVK.<\/p>\n<p>IBF tagsten har dobbelt fals p\u00e5 langsiden og t\u00e6tningsforh\u00f8jning p\u00e5 tv\u00e6rs.<\/p><\/div>\n<div><\/div>\n<div><strong>Opl\u00e6gning<\/p>\n<p><\/strong>IBF tagsten er konstrueret til opl\u00e6gning p\u00e5 undertag eller til understrygning. Ved undertag anbefales min. 15\u00b0 grader tagh\u00e6ldning og ved understrygning min. 20\u00b0 tagh\u00e6ldning.<\/div>\n<div><\/div>\n<div>\n<div><strong>Tilbeh\u00f8r<\/p>\n<p><\/strong>Til IBF tagsten h\u00f8rer et komplet leveringsprogram i tilbeh\u00f8rs-produkter der g\u00f8r, at man f\u00e5r en smuk f\u00e6rdig tagl\u00f8sning.<\/div>\n<\/div>\n<div>\n<\/div>\n<div><\/div>\n<div><strong>Om IBF<\/p>\n<p><\/strong>IBF er et familieejet firma, som siden 1960 har produceret et bredt program indenfor betonprodukter \u2013 r\u00f8r \u2013 br\u00f8ndgods \u2013 fliser samt bel\u00e6gningssten. Siden 1973 har IBF produceret betontagsten til det danske marked, hvor man startede med Dobbelt-S og efterf\u00f8lgende i 1980 med Vingesten.<\/p>\n<p>Produktionen blev i starten af 90\u2019erne fulgt op af Vinge \u00d8konomi og senere Vinge \u00d8konomi &#8220;Plus&#8221;. IBF fremst\u00e5r s\u00e5ledes i dag som en af Danmarks f\u00f8rende producenter af betonprodukter med 24 afdelinger i Danmark og fire i Polen.<\/p><\/div>\n<div><\/div>\n<div>\n<img decoding=\"async\" alt=\"\" src=\"wp-content\/uploads\/2014\/03\/ibf-content-3.png\" border=\"0\" \/><\/td>\n<\/tbody>\n<\/table>\n<\/div>\n","protected":false},"excerpt":{"rendered":"<p>IBF Dobbelt-S &#8211; \u00e5rtiers meste kendte betontagstensprofil. IBF Dobbelt-S er kendetegnet ved den lave b\u00f8lgeprofil, som giver det f\u00e6rdige tag et roligt og afd\u00e6mpet udseende. IBF tagsten er fremstillet i gennemfarvet beton, som p\u00e5 oversiden er behandlet med et acrylatmateriale, som udover at give en smuk farve tillige modvirker kalkudf\u00e6ldninger samt mos og algedannelser. Stensikker&#8230;<\/p>\n","protected":false},"author":1,"featured_media":0,"parent":0,"menu_order":0,"comment_status":"closed","ping_status":"closed","template":"template-fullwidth.php","meta":{"footnotes":"","_links_to":"","_links_to_target":""},"class_list":["post-492","page","type-page","status-publish","hentry"],"_links":{"self":[{"href":"https:\/\/www.mogens-green.dk\/index.php?rest_route=\/wp\/v2\/pages\/492"}],"collection":[{"href":"https:\/\/www.mogens-green.dk\/index.php?rest_route=\/wp\/v2\/pages"}],"about":[{"href":"https:\/\/www.mogens-green.dk\/index.php?rest_route=\/wp\/v2\/types\/page"}],"author":[{"embeddable":true,"href":"https:\/\/www.mogens-green.dk\/index.php?rest_route=\/wp\/v2\/users\/1"}],"replies":[{"embeddable":true,"href":"https:\/\/www.mogens-green.dk\/index.php?rest_route=%2Fwp%2Fv2%2Fcomments&post=492"}],"version-history":[{"count":3,"href":"https:\/\/www.mogens-green.dk\/index.php?rest_route=\/wp\/v2\/pages\/492\/revisions"}],"predecessor-version":[{"id":497,"href":"https:\/\/www.mogens-green.dk\/index.php?rest_route=\/wp\/v2\/pages\/492\/revisions\/497"}],"wp:attachment":[{"href":"https:\/\/www.mogens-green.dk\/index.php?rest_route=%2Fwp%2Fv2%2Fmedia&parent=492"}],"curies":[{"name":"wp","href":"https:\/\/api.w.org\/{rel}","templated":true}]}}