{"id":482,"date":"2014-03-05T05:03:31","date_gmt":"2014-03-05T05:03:31","guid":{"rendered":"http:\/\/www.mapsrv.dk\/?page_id=482"},"modified":"2024-11-12T04:48:29","modified_gmt":"2024-11-12T02:48:29","slug":"ds-staalprofil","status":"publish","type":"page","link":"https:\/\/www.mogens-green.dk\/?page_id=482","title":{"rendered":"DS St\u00e5lprofil"},"content":{"rendered":"<h1>Inspiration til kreativitet<\/h1>\n<div>DS St\u00e5lprofil spiller med sit brede produktprogram til tag og facade op til kreative bygherrer, arkitekter og h\u00e5ndv\u00e6rkere. De lette konstruktioner giver frihed til at t\u00e6nke utraditionelt, hvad enten opgaven g\u00e5r ud p\u00e5 at bygge nyt eller at renovere en eksisterende bygning. Sp\u00e6ndende profiler, flotte farver og et omfattende program af kompletterende tilbeh\u00f8r er de elementer, der stilles til den kreatives r\u00e5dighed.<\/p>\n<p>DS St\u00e5lprofil A\/S tilbyder landets bredeste produktprogram indenfor:<br \/>&nbsp;<\/div>\n<ul>\n<li>\n<div>DS Trapezprofiler<\/div>\n<div><\/div>\n<\/li>\n<li>\n<div>DS Tagstensprofiler<\/div>\n<div><\/div>\n<\/li>\n<li>\n<div>DS Pandeplader<\/div>\n<div><\/div>\n<\/li>\n<li>\n<div>DS Tagrendesystem<\/div>\n<div><\/div>\n<\/li>\n<li>\n<div>DS Sinusprofiler<br \/>&nbsp;<\/div>\n<div><\/div>\n<\/li>\n<\/ul>\n<table style=\"BORDER-BOTTOM: #aaaaaa 1px solid; BORDER-LEFT: #aaaaaa 1px solid; WIDTH: 100%; BORDER-COLLAPSE: collapse; BACKGROUND: #dcdcdc; BORDER-TOP: #aaaaaa 1px solid; BORDER-RIGHT: #aaaaaa 1px solid\">\n<tbody>\n<tr>\n<td style=\"TEXT-ALIGN: center; PADDING-BOTTOM: 10px; PADDING-LEFT: 10px; PADDING-RIGHT: 5px; VERTICAL-ALIGN: middle; PADDING-TOP: 10px\">\n<div><img loading=\"lazy\" decoding=\"async\" style=\"MARGIN-BOTTOM: 5px\" alt=\"\" src=\"wp-content\/uploads\/2014\/03\/content-ds-staal-trapez.jpg\" height=\"89\" border=\"0\" width=\"140\"><br \/><strong><span style=\"COLOR: #696969\">DS Trapezprofil<\/span><\/strong><\/div>\n<\/td>\n<td style=\"TEXT-ALIGN: center; PADDING-BOTTOM: 10px; PADDING-LEFT: 5px; PADDING-RIGHT: 5px; VERTICAL-ALIGN: middle; PADDING-TOP: 10px\">\n<div><img loading=\"lazy\" decoding=\"async\" style=\"MARGIN-BOTTOM: 5px\" alt=\"\" src=\"wp-content\/uploads\/2014\/03\/content-ds-staal-tagsten.jpg\" height=\"89\" border=\"0\" width=\"140\"><br \/><strong><span style=\"COLOR: #696969\">DS Tagstensprofil<\/span><\/strong><\/div>\n<\/td>\n<td style=\"TEXT-ALIGN: center; PADDING-BOTTOM: 10px; PADDING-LEFT: 5px; PADDING-RIGHT: 5px; VERTICAL-ALIGN: middle; PADDING-TOP: 10px\">\n<div><img loading=\"lazy\" decoding=\"async\" style=\"MARGIN-BOTTOM: 5px\" alt=\"\" src=\"wp-content\/uploads\/2014\/03\/content-ds-staal-pande.jpg\" height=\"89\" border=\"0\" width=\"140\"><br \/><strong><span style=\"COLOR: #696969\">DS Pandeplader<\/span><\/strong><\/div>\n<\/td>\n<td style=\"TEXT-ALIGN: center; PADDING-BOTTOM: 10px; PADDING-LEFT: 5px; PADDING-RIGHT: 10px; VERTICAL-ALIGN: middle; PADDING-TOP: 10px\">\n<div><img loading=\"lazy\" decoding=\"async\" style=\"MARGIN-BOTTOM: 5px\" alt=\"\" src=\"wp-content\/uploads\/2014\/03\/content-ds-staal-sinus.jpg\" height=\"89\" border=\"0\" width=\"140\"><br \/><strong><span style=\"COLOR: #696969\">DS Sinusprofil<\/span><\/strong><\/div>\n<\/td>\n<\/tr>\n<tr>\n<td style=\"TEXT-ALIGN: center; PADDING-BOTTOM: 10px; PADDING-LEFT: 10px; PADDING-RIGHT: 5px; VERTICAL-ALIGN: middle; PADDING-TOP: 10px\" colspan=\"4\"><img decoding=\"async\" alt=\"\" src=\"wp-content\/uploads\/2014\/03\/content-dsstaal-img2.jpg\" border=\"0\"><\/td>\n<\/tr>\n<\/tbody>\n<\/table>\n<div><strong>&nbsp;<br \/>Mangfoldige anvendelsesmuligheder<br \/><\/strong>Kombinationen af DS St\u00e5lprofils brede produktsortiment og virksomhedens byggetekniske kompetence g\u00f8r anvendelses-mulighederne mangfoldige. Det betyder sikre og brugbare l\u00f8sninger, men ogs\u00e5 utraditionelle og anderledes resultater til gavn for brugerne inden for de forskellige bygningskategorier, hvor DS St\u00e5lprofil g\u00f8r nytte:<br \/>&nbsp;<\/div>\n<ul>\n<li>\n<div>Industribyggeri <\/div>\n<div><\/div>\n<\/li>\n<li>\n<div>Administrationsbyggeri<\/div>\n<div><\/div>\n<\/li>\n<li>\n<div>Halbyggeri<\/div>\n<div><\/div>\n<\/li>\n<li>\n<div>Landbrugsbyggeri<\/div>\n<div><\/div>\n<\/li>\n<li>\n<div>Etagebyggeri<\/div>\n<div><\/div>\n<\/li>\n<li>\n<div>Enfamilieshuse<\/div>\n<div><\/div>\n<\/li>\n<li>\n<div>Sommerhuse<br \/>&nbsp;<\/div>\n<\/li>\n<\/ul>\n<p><strong>Beregningsprogram<br \/><\/strong>Du bydes hermed velkommen til DS St\u00e5lprofils tagberegningsprogram. Dette program giver dig muligheden for at beregne alle vores standardprofiler p\u00e5 en lang r\u00e6kke forskellige tagtyper. Udover en hurtig og overskuelig indtastning giver beregningsprogrammet dig ligeledes sikkerhed i dine kalkulationer. Ved ordreafgivelse p\u00e5 tilbud som er beregnet i dette program kan du efterf\u00f8lgende modtage specifik montageplan med henvisning til placering af de enkelte tagplader. <a href=\"http:\/\/www.ds-tagberegning.dk\/ds_tagberegner.aspx\" target=\"_blank\" rel=\"noopener\">\u00bbStart beregningsprogram<br \/><\/a><br \/>Se vores komplette produktprogram og en lang r\u00e6kke referenceprojekter p\u00e5 <a href=\"http:\/\/www.ds-staalprofil.dk\" target=\"_blank\" rel=\"noopener\">www.ds-staalprofil.dk<\/a>.<\/p>\n","protected":false},"excerpt":{"rendered":"<p>Inspiration til kreativitet DS St\u00e5lprofil spiller med sit brede produktprogram til tag og facade op til kreative bygherrer, arkitekter og h\u00e5ndv\u00e6rkere. De lette konstruktioner giver frihed til at t\u00e6nke utraditionelt, hvad enten opgaven g\u00e5r ud p\u00e5 at bygge nyt eller at renovere en eksisterende bygning. Sp\u00e6ndende profiler, flotte farver og et omfattende program af kompletterende&#8230;<\/p>\n","protected":false},"author":1,"featured_media":0,"parent":0,"menu_order":0,"comment_status":"closed","ping_status":"closed","template":"template-fullwidth.php","meta":{"footnotes":"","_links_to":"","_links_to_target":""},"class_list":["post-482","page","type-page","status-publish","hentry"],"_links":{"self":[{"href":"https:\/\/www.mogens-green.dk\/index.php?rest_route=\/wp\/v2\/pages\/482"}],"collection":[{"href":"https:\/\/www.mogens-green.dk\/index.php?rest_route=\/wp\/v2\/pages"}],"about":[{"href":"https:\/\/www.mogens-green.dk\/index.php?rest_route=\/wp\/v2\/types\/page"}],"author":[{"embeddable":true,"href":"https:\/\/www.mogens-green.dk\/index.php?rest_route=\/wp\/v2\/users\/1"}],"replies":[{"embeddable":true,"href":"https:\/\/www.mogens-green.dk\/index.php?rest_route=%2Fwp%2Fv2%2Fcomments&post=482"}],"version-history":[{"count":6,"href":"https:\/\/www.mogens-green.dk\/index.php?rest_route=\/wp\/v2\/pages\/482\/revisions"}],"predecessor-version":[{"id":889,"href":"https:\/\/www.mogens-green.dk\/index.php?rest_route=\/wp\/v2\/pages\/482\/revisions\/889"}],"wp:attachment":[{"href":"https:\/\/www.mogens-green.dk\/index.php?rest_route=%2Fwp%2Fv2%2Fmedia&parent=482"}],"curies":[{"name":"wp","href":"https:\/\/api.w.org\/{rel}","templated":true}]}}