{"id":477,"date":"2014-03-05T05:01:17","date_gmt":"2014-03-05T05:01:17","guid":{"rendered":"http:\/\/www.mapsrv.dk\/?page_id=477"},"modified":"2024-11-12T04:48:33","modified_gmt":"2024-11-12T02:48:33","slug":"cembrit","status":"publish","type":"page","link":"https:\/\/www.mogens-green.dk\/?page_id=477","title":{"rendered":"Cembrit"},"content":{"rendered":"<h1>B\u00f8lgeplader<\/h1>\n<div><img loading=\"lazy\" decoding=\"async\" style=\"MARGIN-LEFT: 50px\" alt=\"\" src=\"wp-content\/uploads\/2014\/03\/cembrit-content1.png\" height=\"265\" align=\"right\" border=\"0\" width=\"216\">Hos Cembrit er vi andet og mere end leverand\u00f8r af byggematerialer. Hos os st\u00e5r professionelle medarbejdere klar til at hj\u00e6lpe dig med alle faser af dit byggeprojekt. <\/p>\n<p>N\u00e5r du v\u00e6lger Cembrit f\u00e5r du ogs\u00e5 gl\u00e6de af vores store erfaring med fibercementprodukter, indsamlet gennem virksomhedens mange\u00e5rige historie.<\/p>\n<p><strong>Eternit\u00ae B7 b\u00f8lgeplade<br \/><\/strong>Eternit B7 b\u00f8lgeplader anvendes til tage p\u00e5 parcelhuse, sommerhuse m.m.<\/p>\n<p>Eternit B7 er velegnet til b\u00e5de nybyggeri og renovering. Den korte form og b\u00f8lgeprofilen minden om strukturen p\u00e5 et tegltag.<br \/>Mindste tagh\u00e6ldning er 14\u00b0.<\/div>\n<div><strong>Materiale, overflader og farver<\/strong><br \/>Eternit B7 b\u00f8lgeplader er fremstillet af milj\u00f8venlig fibercement. Opbygningen af pladen i kombination med b\u00f8lgeformen giver stor styrke og stivhed. <br \/>Pladest\u00f8rrelse: B 110 x L 61 cm.<\/p>\n<p>Eternit B7 b\u00f8lgeplader f\u00e5s i fem flotte farver. B\u00f8lgepladerne overflade-behandles p\u00e5 avancerede produktionsanl\u00e6g, hvor pladerne grundes og overfladebehandles i en kontinuerlig proces. Det sikrer en meget holdbar overflade med en smuk silkeblank finish.<\/p><\/div>\n<div>&nbsp;<\/div>\n<div>\n<p>&nbsp;<\/div>\n<div>\n<table style=\"WIDTH: 100%\">\n<tbody><\/tbody>\n<\/table>\n<\/div>\n","protected":false},"excerpt":{"rendered":"<p>B\u00f8lgeplader Hos Cembrit er vi andet og mere end leverand\u00f8r af byggematerialer. Hos os st\u00e5r professionelle medarbejdere klar til at hj\u00e6lpe dig med alle faser af dit byggeprojekt. N\u00e5r du v\u00e6lger Cembrit f\u00e5r du ogs\u00e5 gl\u00e6de af vores store erfaring med fibercementprodukter, indsamlet gennem virksomhedens mange\u00e5rige historie. Eternit\u00ae B7 b\u00f8lgepladeEternit B7 b\u00f8lgeplader anvendes til tage&#8230;<\/p>\n","protected":false},"author":1,"featured_media":0,"parent":0,"menu_order":0,"comment_status":"closed","ping_status":"closed","template":"template-fullwidth.php","meta":{"footnotes":"","_links_to":"","_links_to_target":""},"class_list":["post-477","page","type-page","status-publish","hentry"],"_links":{"self":[{"href":"https:\/\/www.mogens-green.dk\/index.php?rest_route=\/wp\/v2\/pages\/477"}],"collection":[{"href":"https:\/\/www.mogens-green.dk\/index.php?rest_route=\/wp\/v2\/pages"}],"about":[{"href":"https:\/\/www.mogens-green.dk\/index.php?rest_route=\/wp\/v2\/types\/page"}],"author":[{"embeddable":true,"href":"https:\/\/www.mogens-green.dk\/index.php?rest_route=\/wp\/v2\/users\/1"}],"replies":[{"embeddable":true,"href":"https:\/\/www.mogens-green.dk\/index.php?rest_route=%2Fwp%2Fv2%2Fcomments&post=477"}],"version-history":[{"count":2,"href":"https:\/\/www.mogens-green.dk\/index.php?rest_route=\/wp\/v2\/pages\/477\/revisions"}],"predecessor-version":[{"id":481,"href":"https:\/\/www.mogens-green.dk\/index.php?rest_route=\/wp\/v2\/pages\/477\/revisions\/481"}],"wp:attachment":[{"href":"https:\/\/www.mogens-green.dk\/index.php?rest_route=%2Fwp%2Fv2%2Fmedia&parent=477"}],"curies":[{"name":"wp","href":"https:\/\/api.w.org\/{rel}","templated":true}]}}