{"id":470,"date":"2014-03-05T04:58:58","date_gmt":"2014-03-05T04:58:58","guid":{"rendered":"http:\/\/www.mapsrv.dk\/?page_id=470"},"modified":"2024-11-12T04:48:45","modified_gmt":"2024-11-12T02:48:45","slug":"bmc","status":"publish","type":"page","link":"https:\/\/www.mogens-green.dk\/?page_id=470","title":{"rendered":"BMC"},"content":{"rendered":"<h1>Benders Betonsten<\/h1>\n<div>\n<p><img loading=\"lazy\" decoding=\"async\" style=\"margin-left: 50px;\" alt=\"\" src=\"wp-content\/uploads\/2014\/03\/bmc-content-4.png\" width=\"198\" height=\"126\" align=\"right\" border=\"0\" \/>Benders er et svensk kvalitetsprodukt, som er godt indarbejdet i det danske marked. Tagstenene findes i mange forskellige farver og er utroligt nemme at l\u00e6gge.<\/p>\n<p>Med Benders betontagsten kan du selv l\u00e6gge dit nye tag. Er du lidt snild p\u00e5 fingrene, og med hj\u00e6lp fra gode venner tager det kun nogle f\u00e5 dage. V\u00e6rkt\u00f8jet du beh\u00f8ver er: Hammer, sav og tommestok.<\/p>\n<p>Nogle af de st\u00f8rste fordele ved Benders sten er:<\/p>\n<\/div>\n<div><\/div>\n<ul>\n<li>\n<div>Ensartethed<\/div>\n<div><\/div>\n<\/li>\n<li>\n<div>Stor styrke<\/div>\n<div><\/div>\n<\/li>\n<li>\n<div>Frostsikre<\/div>\n<div><\/div>\n<\/li>\n<li>\n<div>Gennemfarvet<\/div>\n<div><\/div>\n<\/li>\n<li>\n<div>Overfladebehandlet<\/div>\n<div><\/div>\n<\/li>\n<li>\n<div>30 \u00e5rs garanti<\/div>\n<div><\/div>\n<\/li>\n<li>\n<div>Handy 5-pak emballage<\/div>\n<div><\/div>\n<\/li>\n<li>\n<div>Stort tilbeh\u00f8rsprogram<\/div>\n<div><\/div>\n<\/li>\n<\/ul>\n","protected":false},"excerpt":{"rendered":"<p>Benders Betonsten Benders er et svensk kvalitetsprodukt, som er godt indarbejdet i det danske marked. Tagstenene findes i mange forskellige farver og er utroligt nemme at l\u00e6gge. Med Benders betontagsten kan du selv l\u00e6gge dit nye tag. Er du lidt snild p\u00e5 fingrene, og med hj\u00e6lp fra gode venner tager det kun nogle f\u00e5 dage&#8230;.<\/p>\n","protected":false},"author":1,"featured_media":0,"parent":0,"menu_order":0,"comment_status":"closed","ping_status":"closed","template":"template-fullwidth.php","meta":{"footnotes":"","_links_to":"","_links_to_target":""},"class_list":["post-470","page","type-page","status-publish","hentry"],"_links":{"self":[{"href":"https:\/\/www.mogens-green.dk\/index.php?rest_route=\/wp\/v2\/pages\/470"}],"collection":[{"href":"https:\/\/www.mogens-green.dk\/index.php?rest_route=\/wp\/v2\/pages"}],"about":[{"href":"https:\/\/www.mogens-green.dk\/index.php?rest_route=\/wp\/v2\/types\/page"}],"author":[{"embeddable":true,"href":"https:\/\/www.mogens-green.dk\/index.php?rest_route=\/wp\/v2\/users\/1"}],"replies":[{"embeddable":true,"href":"https:\/\/www.mogens-green.dk\/index.php?rest_route=%2Fwp%2Fv2%2Fcomments&post=470"}],"version-history":[{"count":4,"href":"https:\/\/www.mogens-green.dk\/index.php?rest_route=\/wp\/v2\/pages\/470\/revisions"}],"predecessor-version":[{"id":476,"href":"https:\/\/www.mogens-green.dk\/index.php?rest_route=\/wp\/v2\/pages\/470\/revisions\/476"}],"wp:attachment":[{"href":"https:\/\/www.mogens-green.dk\/index.php?rest_route=%2Fwp%2Fv2%2Fmedia&parent=470"}],"curies":[{"name":"wp","href":"https:\/\/api.w.org\/{rel}","templated":true}]}}