{"id":457,"date":"2014-03-05T04:52:32","date_gmt":"2014-03-05T04:52:32","guid":{"rendered":"http:\/\/www.mapsrv.dk\/?page_id=457"},"modified":"2024-11-12T04:46:43","modified_gmt":"2024-11-12T02:46:43","slug":"quattro-4","status":"publish","type":"page","link":"https:\/\/www.mogens-green.dk\/?page_id=457","title":{"rendered":"Quattro"},"content":{"rendered":"<h1>Kviste er ikke bare kviste!<\/h1>\n<div>\n<table style=\"WIDTH: 100%; BORDER-COLLAPSE: collapse\">\n<tbody>\n<tr>\n<td style=\"PADDING-RIGHT: 20px; VERTICAL-ALIGN: top\">\n<div>Quattro F\u00e6rdigkvist kan sammen med Mogens Green Rasmussen finde den helt rigtige kvistl\u00f8sning til dig. <\/p>\n<p>Quattro F\u00e6rdigkvist fremstilles under ordnede forhold i moderne produktionslokaler. En rationel og effektiv serie-produktion sikrer en h\u00f8j og ensartet kvalitet &#8211; til konkurrencedygtige priser.<\/p>\n<p>Se de mange l\u00f8sninger p\u00e5 <a href=\"http:\/\/tagkviste.dk\" target=\"_blank\" rel=\"noopener\">www.tagkviste.dk<\/a>, og<br \/><a href=\"http:\/\/tagkviste.dk\/default.asp?id=137\" target=\"_blank\" rel=\"noopener\">design selv dine kviste<\/a> med vores simulatorprogram. <\/div>\n<\/td>\n<td style=\"TEXT-ALIGN: right; VERTICAL-ALIGN: top\"><a href=\"http:\/\/tagkviste.dk\/default.asp?id=137\" target=\"_blank\" rel=\"noopener\"><img loading=\"lazy\" decoding=\"async\" style=\"BORDER-BOTTOM: #a9a9a9 1px solid; BORDER-LEFT: #a9a9a9 1px solid; BORDER-TOP: #a9a9a9 1px solid; BORDER-RIGHT: #a9a9a9 1px solid\" alt=\"Pr\u00f8v vores simulator og design dine egne kviste s\u00e5 de passer p\u00e5 dit hus!\" src=\"wp-content\/uploads\/2014\/03\/content-quattro-simulator.jpg\" height=\"178\" width=\"280\"><\/a><\/td>\n<\/tr>\n<tr>\n<td style=\"PADDING-RIGHT: 20px; VERTICAL-ALIGN: top; PADDING-TOP: 10px\"><a href=\"wp-content\/uploads\/2014\/03\/quattro_content-quattro-img1big.jpg\" target=\"_blank\" rel=\"noopener\"><img loading=\"lazy\" decoding=\"async\" style=\"BORDER-BOTTOM: #a9a9a9 1px solid; BORDER-LEFT: #a9a9a9 1px solid; BORDER-TOP: #a9a9a9 1px solid; BORDER-RIGHT: #a9a9a9 1px solid\" alt=\"Klik for st\u00f8rre billede\" src=\"wp-content\/uploads\/2014\/03\/content-quattro-img1-thumb.jpg\" height=\"210\" width=\"280\"><\/a><\/td>\n<td style=\"TEXT-ALIGN: right; VERTICAL-ALIGN: top; PADDING-TOP: 10px\"><a href=\"wp-content\/uploads\/2014\/03\/quattro_content-quattro-img2big.jpg\" target=\"_blank\" rel=\"noopener\"><img decoding=\"async\" style=\"BORDER-BOTTOM: #a9a9a9 1px solid; BORDER-LEFT: #a9a9a9 1px solid; BORDER-TOP: #a9a9a9 1px solid; BORDER-RIGHT: #a9a9a9 1px solid\" alt=\"Klik for st\u00f8rre billede\" src=\"wp-content\/uploads\/2014\/03\/content-quattro-img2-thumb.jpg\"><\/a><\/td>\n<\/tr>\n<tr>\n<td style=\"PADDING-RIGHT: 20px; VERTICAL-ALIGN: top; PADDING-TOP: 10px\"><a href=\"wp-content\/uploads\/2014\/03\/quattro_content-quattro-img3big.jpg\" target=\"_blank\" rel=\"noopener\"><img loading=\"lazy\" decoding=\"async\" style=\"BORDER-BOTTOM: #a9a9a9 1px solid; BORDER-LEFT: #a9a9a9 1px solid; BORDER-TOP: #a9a9a9 1px solid; BORDER-RIGHT: #a9a9a9 1px solid\" alt=\"Klik for st\u00f8rre billede\" src=\"wp-content\/uploads\/2014\/03\/content-quattro-img3-thumb.jpg\" height=\"210\" width=\"280\"><\/a><\/td>\n<td style=\"TEXT-ALIGN: right; VERTICAL-ALIGN: top; PADDING-TOP: 10px\"><a href=\"wp-content\/uploads\/2014\/03\/quattro_content-quattro-img4big.jpg\" target=\"_blank\" rel=\"noopener\"><img loading=\"lazy\" decoding=\"async\" style=\"BORDER-BOTTOM: #a9a9a9 1px solid; BORDER-LEFT: #a9a9a9 1px solid; BORDER-TOP: #a9a9a9 1px solid; BORDER-RIGHT: #a9a9a9 1px solid\" alt=\"Klik for st\u00f8rre billede\" src=\"wp-content\/uploads\/2014\/03\/content-quattro-img4-thumb.jpg\" height=\"210\" width=\"280\"><\/a><\/td>\n<\/tr>\n<tr>\n<td style=\"TEXT-ALIGN: center; VERTICAL-ALIGN: top; PADDING-TOP: 5px\" colspan=\"2\">Du kan f\u00e5 i kobber, i zink, med glasfunke, med altan &#8211; ja der er frit valg p\u00e5 alle hylder&#8230;<\/td>\n<\/tr>\n<\/tbody>\n<\/table>\n<\/div>\n","protected":false},"excerpt":{"rendered":"<p>Kviste er ikke bare kviste! Quattro F\u00e6rdigkvist kan sammen med Mogens Green Rasmussen finde den helt rigtige kvistl\u00f8sning til dig. Quattro F\u00e6rdigkvist fremstilles under ordnede forhold i moderne produktionslokaler. En rationel og effektiv serie-produktion sikrer en h\u00f8j og ensartet kvalitet &#8211; til konkurrencedygtige priser. Se de mange l\u00f8sninger p\u00e5 www.tagkviste.dk, ogdesign selv dine kviste med&#8230;<\/p>\n","protected":false},"author":1,"featured_media":0,"parent":0,"menu_order":0,"comment_status":"closed","ping_status":"closed","template":"template-fullwidth.php","meta":{"footnotes":"","_links_to":"","_links_to_target":""},"class_list":["post-457","page","type-page","status-publish","hentry"],"_links":{"self":[{"href":"https:\/\/www.mogens-green.dk\/index.php?rest_route=\/wp\/v2\/pages\/457"}],"collection":[{"href":"https:\/\/www.mogens-green.dk\/index.php?rest_route=\/wp\/v2\/pages"}],"about":[{"href":"https:\/\/www.mogens-green.dk\/index.php?rest_route=\/wp\/v2\/types\/page"}],"author":[{"embeddable":true,"href":"https:\/\/www.mogens-green.dk\/index.php?rest_route=\/wp\/v2\/users\/1"}],"replies":[{"embeddable":true,"href":"https:\/\/www.mogens-green.dk\/index.php?rest_route=%2Fwp%2Fv2%2Fcomments&post=457"}],"version-history":[{"count":19,"href":"https:\/\/www.mogens-green.dk\/index.php?rest_route=\/wp\/v2\/pages\/457\/revisions"}],"predecessor-version":[{"id":884,"href":"https:\/\/www.mogens-green.dk\/index.php?rest_route=\/wp\/v2\/pages\/457\/revisions\/884"}],"wp:attachment":[{"href":"https:\/\/www.mogens-green.dk\/index.php?rest_route=%2Fwp%2Fv2%2Fmedia&parent=457"}],"curies":[{"name":"wp","href":"https:\/\/api.w.org\/{rel}","templated":true}]}}