{"id":422,"date":"2014-03-02T15:57:51","date_gmt":"2014-03-02T15:57:51","guid":{"rendered":"http:\/\/www.mapsrv.dk\/?page_id=422"},"modified":"2014-03-18T03:22:46","modified_gmt":"2014-03-18T03:22:46","slug":"tvis","status":"publish","type":"page","link":"https:\/\/www.mogens-green.dk\/?page_id=422","title":{"rendered":"Tvis"},"content":{"rendered":"<h1>Det moderne k\u00f8kken<\/h1>\n<table>\n<tbody>\n<tr>\n<td style=\"padding-right: 50px; vertical-align: top;\">\n<div>Nye trends fra den internationale designscene er omdrejningspunktet i det moderne k\u00f8kken. Her er fr\u00e6kke farvekombinationer og enkle \u00adelementer i h\u00f8js\u00e6det. Og hvad enten I er til det grebsl\u00f8se k\u00f8kken eller foretr\u00e6kker noget at holde fast i, kan I v\u00e6re sikre p\u00e5 \u00e9n ting:<\/div>\n<div>Det \u00admoderne k\u00f8kken fra Tvis holder til ethvert behov.<\/div>\n<div><\/div>\n<div><strong>Tvis holder&#8230;k\u00f8kkengl\u00e6den i top<\/strong><\/div>\n<div><\/div>\n<div>Rene linier er kodeordet i Duo-Style Hvid, hvor overskabene er sl\u00f8jfet til fordel for dybe skuffer og h\u00f8je indbyggede skabe uden greb. Kirseb\u00e6rbordpladen er lavet som en bro med fingersamling i enderne. Den firkantede vask er en Blanco Zeroxline kombineret med et B\u00f8rma Q1 blandingsbatteri.<\/div>\n<div><\/div>\n<div><\/div>\n<\/td>\n<td style=\"vertical-align: top;\"><\/td>\n<td style=\"vertical-align: top;\"><img decoding=\"async\" alt=\"\" src=\"wp-content\/uploads\/2014\/03\/tvis-content-cups.jpg\" border=\"0\" \/><\/td>\n<\/tr>\n<\/tbody>\n<\/table>\n","protected":false},"excerpt":{"rendered":"<p>Det moderne k\u00f8kken Nye trends fra den internationale designscene er omdrejningspunktet i det moderne k\u00f8kken. Her er fr\u00e6kke farvekombinationer og enkle \u00adelementer i h\u00f8js\u00e6det. Og hvad enten I er til det grebsl\u00f8se k\u00f8kken eller foretr\u00e6kker noget at holde fast i, kan I v\u00e6re sikre p\u00e5 \u00e9n ting: Det \u00admoderne k\u00f8kken fra Tvis holder til ethvert&#8230;<\/p>\n","protected":false},"author":1,"featured_media":0,"parent":0,"menu_order":0,"comment_status":"closed","ping_status":"closed","template":"template-fullwidth.php","meta":{"footnotes":"","_links_to":"","_links_to_target":""},"class_list":["post-422","page","type-page","status-publish","hentry"],"_links":{"self":[{"href":"https:\/\/www.mogens-green.dk\/index.php?rest_route=\/wp\/v2\/pages\/422"}],"collection":[{"href":"https:\/\/www.mogens-green.dk\/index.php?rest_route=\/wp\/v2\/pages"}],"about":[{"href":"https:\/\/www.mogens-green.dk\/index.php?rest_route=\/wp\/v2\/types\/page"}],"author":[{"embeddable":true,"href":"https:\/\/www.mogens-green.dk\/index.php?rest_route=\/wp\/v2\/users\/1"}],"replies":[{"embeddable":true,"href":"https:\/\/www.mogens-green.dk\/index.php?rest_route=%2Fwp%2Fv2%2Fcomments&post=422"}],"version-history":[{"count":19,"href":"https:\/\/www.mogens-green.dk\/index.php?rest_route=\/wp\/v2\/pages\/422\/revisions"}],"predecessor-version":[{"id":773,"href":"https:\/\/www.mogens-green.dk\/index.php?rest_route=\/wp\/v2\/pages\/422\/revisions\/773"}],"wp:attachment":[{"href":"https:\/\/www.mogens-green.dk\/index.php?rest_route=%2Fwp%2Fv2%2Fmedia&parent=422"}],"curies":[{"name":"wp","href":"https:\/\/api.w.org\/{rel}","templated":true}]}}