{"id":414,"date":"2014-03-02T15:54:41","date_gmt":"2014-03-02T15:54:41","guid":{"rendered":"http:\/\/www.mapsrv.dk\/?page_id=414"},"modified":"2014-03-02T15:56:46","modified_gmt":"2014-03-02T15:56:46","slug":"svane-koekkenet","status":"publish","type":"page","link":"https:\/\/www.mogens-green.dk\/?page_id=414","title":{"rendered":"Svane K\u00f8kkenet"},"content":{"rendered":"<h1>Dit dr\u00f8mmek\u00f8kken<\/h1>\n<table>\n<tbody>\n<tr>\n<td style=\"VERTICAL-ALIGN: top\"><img decoding=\"async\" alt=\"\" src=\"wp-content\/uploads\/2014\/03\/content-svane-taenk.png\" border=\"0\"><\/td>\n<td style=\"VERTICAL-ALIGN: top\"><\/td>\n<td style=\"VERTICAL-ALIGN: top\">\n<div>T\u00e6nk, hvis du kunne f\u00e5 din vildeste k\u00f8kkendr\u00f8m opfyldt!<\/div>\n<div>Et k\u00e6mpe akvarium over skufferne til mel og sukker. En knitrende pejs i koge\u00f8en. \u00c6gte loungestemning ved spisebordet. Futuristiske former omkring bardisken. Eller m\u00e5ske et klassisk k\u00f8kken sk\u00e5ret efter \u00f8nsket om enkelhed, ro og rene linjer.<\/div>\n<div>&nbsp;<\/div>\n<div>Med Svane K\u00f8kkenet <strong><em>kan<\/em><\/strong> du f\u00e5 din vildeste k\u00f8kkendr\u00f8m opfyldt!<\/div>\n<div>&nbsp;<\/div>\n<div>Svane er gedigent h\u00e5ndv\u00e6rk, vision\u00e6rt design og vanedannende service. Hos os bliver du lyttet til, udfordret og holdt i h\u00e5nden.<\/div>\n<div>&nbsp;<\/div>\n<div>Lad os v\u00e6re kreative sammen og udforske mulighederne.<\/div>\n<div>&nbsp;<\/div>\n<div>\n<table>\n<tbody>\n<tr>\n<td style=\"VERTICAL-ALIGN: top\">\n<div><strong>Unik Solid<\/strong><\/div>\n<div>&nbsp;<\/div>\n<div>Unik Solid er Svanes stilfulde og simplistiske skabsl\u00f8sning, n\u00e5r det ikke kan blive simpelt nok. Det unikke design og den h\u00f8je kvalitet <\/div>\n<div>&nbsp;<\/div>\n<div>Unik Solid er kun \u00e9n af Svanes mange skabsl\u00f8sninger, som kan anvendes i et utal af sammenh\u00e6nge.<\/div>\n<div>&nbsp;<\/div>\n<div>&nbsp;<\/div>\n<\/td>\n<td style=\"VERTICAL-ALIGN: top\"><\/td>\n<td style=\"VERTICAL-ALIGN: top\">\n<p align=\"right\"><img decoding=\"async\" alt=\"\" src=\"wp-content\/uploads\/2014\/03\/content-svane-casino.jpg\" border=\"0\"><\/p>\n<\/td>\n<\/tr>\n<\/tbody>\n<\/table>\n<\/div>\n<\/td>\n<\/tr>\n<\/tbody>\n<\/table>\n","protected":false},"excerpt":{"rendered":"<p>Dit dr\u00f8mmek\u00f8kken T\u00e6nk, hvis du kunne f\u00e5 din vildeste k\u00f8kkendr\u00f8m opfyldt! Et k\u00e6mpe akvarium over skufferne til mel og sukker. En knitrende pejs i koge\u00f8en. \u00c6gte loungestemning ved spisebordet. Futuristiske former omkring bardisken. Eller m\u00e5ske et klassisk k\u00f8kken sk\u00e5ret efter \u00f8nsket om enkelhed, ro og rene linjer. &nbsp; Med Svane K\u00f8kkenet kan du f\u00e5 din&#8230;<\/p>\n","protected":false},"author":1,"featured_media":0,"parent":0,"menu_order":0,"comment_status":"closed","ping_status":"closed","template":"template-fullwidth.php","meta":{"footnotes":"","_links_to":"","_links_to_target":""},"class_list":["post-414","page","type-page","status-publish","hentry"],"_links":{"self":[{"href":"https:\/\/www.mogens-green.dk\/index.php?rest_route=\/wp\/v2\/pages\/414"}],"collection":[{"href":"https:\/\/www.mogens-green.dk\/index.php?rest_route=\/wp\/v2\/pages"}],"about":[{"href":"https:\/\/www.mogens-green.dk\/index.php?rest_route=\/wp\/v2\/types\/page"}],"author":[{"embeddable":true,"href":"https:\/\/www.mogens-green.dk\/index.php?rest_route=\/wp\/v2\/users\/1"}],"replies":[{"embeddable":true,"href":"https:\/\/www.mogens-green.dk\/index.php?rest_route=%2Fwp%2Fv2%2Fcomments&post=414"}],"version-history":[{"count":4,"href":"https:\/\/www.mogens-green.dk\/index.php?rest_route=\/wp\/v2\/pages\/414\/revisions"}],"predecessor-version":[{"id":421,"href":"https:\/\/www.mogens-green.dk\/index.php?rest_route=\/wp\/v2\/pages\/414\/revisions\/421"}],"wp:attachment":[{"href":"https:\/\/www.mogens-green.dk\/index.php?rest_route=%2Fwp%2Fv2%2Fmedia&parent=414"}],"curies":[{"name":"wp","href":"https:\/\/api.w.org\/{rel}","templated":true}]}}