{"id":403,"date":"2014-03-02T15:46:26","date_gmt":"2014-03-02T15:46:26","guid":{"rendered":"http:\/\/www.mapsrv.dk\/?page_id=403"},"modified":"2024-11-12T04:48:48","modified_gmt":"2024-11-12T02:48:48","slug":"aubo-3","status":"publish","type":"page","link":"https:\/\/www.mogens-green.dk\/?page_id=403","title":{"rendered":"AUBO K\u00f8kken"},"content":{"rendered":"<div><img loading=\"lazy\" decoding=\"async\" style=\"MARGIN-LEFT: 50px\" alt=\"\" src=\"wp-content\/uploads\/2014\/03\/aubo-koekken-1.png\" height=\"145\" align=\"right\" border=\"0\" width=\"200\">Moderne eller klassisk? Lyse eller m\u00f8rke tr\u00e6sorter? Farverigt eller rent minimalistisk? Stort og rummeligt eller lille og intimt? Hos AUBO lytter vi meget til kundernes individuelle behov og \u00f8nsker.<\/p>\n<p>Der er utrolig mange detaljer forbundet med det, at k\u00f8be nyt k\u00f8kken. Et er alle de praktiske forhold. Noget andet er designet, materiale- og farvevalget. Hvad fungerer bedst hjemme hos dig? Hvad med kvaliteten?<\/p>\n<\/div>\n<div><strong>Kvalitet giver holdbare l\u00f8sninger.<\/strong><br \/>Kvaliteten er et af de valgkriterier, hvor AUBO kan g\u00f8re en forskel. Vi stiller h\u00f8je krav til b\u00e5de design, funktion og holdbarhed. Kravene har vi omsat til en udvidet garanti, s\u00e5 n\u00e5r du v\u00e6lger AUBO, f\u00e5r du 10 \u00e5rs garanti p\u00e5 bev\u00e6gelige dele, samt 5 \u00e5rs garanti p\u00e5 materialeskader opst\u00e5et pga. produktfejl.<\/p>\n<\/div>\n<div>Trends og tendenser i indretningen \u00e6ndrer sig hele tiden, og n\u00e5r man skal investere i et nyt k\u00f8kken eller bad, er det vigtigt at vide, hvilke tr\u00e6sorter, farver og former der er p\u00e5 vej frem, og hvilke der er p\u00e5 vej ud. Hos AUBO m\u00f8der du professionelle k\u00f8kkenkonsulenter, der har fingeren p\u00e5 indretningspulsen og kan r\u00e5dgive dig om de store beslutninger og dermed at tr\u00e6ffe det rigtige valg.<\/p>\n","protected":false},"excerpt":{"rendered":"<p>Moderne eller klassisk? Lyse eller m\u00f8rke tr\u00e6sorter? Farverigt eller rent minimalistisk? Stort og rummeligt eller lille og intimt? Hos AUBO lytter vi meget til kundernes individuelle behov og \u00f8nsker. Der er utrolig mange detaljer forbundet med det, at k\u00f8be nyt k\u00f8kken. Et er alle de praktiske forhold. Noget andet er designet, materiale- og farvevalget. Hvad&#8230;<\/p>\n","protected":false},"author":1,"featured_media":0,"parent":0,"menu_order":0,"comment_status":"closed","ping_status":"closed","template":"template-fullwidth.php","meta":{"footnotes":"","_links_to":"","_links_to_target":""},"class_list":["post-403","page","type-page","status-publish","hentry"],"_links":{"self":[{"href":"https:\/\/www.mogens-green.dk\/index.php?rest_route=\/wp\/v2\/pages\/403"}],"collection":[{"href":"https:\/\/www.mogens-green.dk\/index.php?rest_route=\/wp\/v2\/pages"}],"about":[{"href":"https:\/\/www.mogens-green.dk\/index.php?rest_route=\/wp\/v2\/types\/page"}],"author":[{"embeddable":true,"href":"https:\/\/www.mogens-green.dk\/index.php?rest_route=\/wp\/v2\/users\/1"}],"replies":[{"embeddable":true,"href":"https:\/\/www.mogens-green.dk\/index.php?rest_route=%2Fwp%2Fv2%2Fcomments&post=403"}],"version-history":[{"count":3,"href":"https:\/\/www.mogens-green.dk\/index.php?rest_route=\/wp\/v2\/pages\/403\/revisions"}],"predecessor-version":[{"id":408,"href":"https:\/\/www.mogens-green.dk\/index.php?rest_route=\/wp\/v2\/pages\/403\/revisions\/408"}],"wp:attachment":[{"href":"https:\/\/www.mogens-green.dk\/index.php?rest_route=%2Fwp%2Fv2%2Fmedia&parent=403"}],"curies":[{"name":"wp","href":"https:\/\/api.w.org\/{rel}","templated":true}]}}