{"id":393,"date":"2014-02-27T16:40:03","date_gmt":"2014-02-27T16:40:03","guid":{"rendered":"http:\/\/www.mapsrv.dk\/?page_id=393"},"modified":"2024-11-12T04:47:43","modified_gmt":"2024-11-12T02:47:43","slug":"kviste-skaber-huse","status":"publish","type":"page","link":"https:\/\/www.mogens-green.dk\/?page_id=393","title":{"rendered":"Kviste skaber huse"},"content":{"rendered":"<div><img loading=\"lazy\" decoding=\"async\" style=\"BORDER-BOTTOM: #a9a9a9 1px solid; BORDER-LEFT: #a9a9a9 1px solid; MARGIN-BOTTOM: 40px; MARGIN-LEFT: 15px; BORDER-TOP: #a9a9a9 1px solid; BORDER-RIGHT: #a9a9a9 1px solid\" alt=\"\" src=\"wp-content\/uploads\/2014\/02\/kviste.jpg\" height=\"160\" align=\"right\" width=\"244\">Kviste er med til at skabe en speciel stil eller stemning i dit hus. Derfor er det vigtigt, at kvisten passer perfekt til pr\u00e6cis dine \u00f8nsker og dr\u00f8mme. Vi kan tilbyde speciallavede kviste til alle slags huse uanset om du har et moderne og stilrent hus eller et str\u00e5t\u00e6kt landsbyhus.<br \/>&nbsp;<br \/>Vores kvalitetskviste findes b\u00e5de i standard- og speciall\u00f8sninger, men alle kviste laves efter individuelle m\u00e5l og til absolut konkurrence-dygtige priser. Mulighederne er n\u00e6sten ubegr\u00e6nsede, og vi tilbyder kviste i et utal af kombinationsmuligheder og materialer. <br \/>&nbsp;<br \/>Vi l\u00e6gger stor v\u00e6gt p\u00e5 en h\u00f8j kvalitet i vores l\u00f8sninger og samarbejder med landets bedste leverand\u00f8rer.&nbsp;<\/p>\n<p>&nbsp;<\/p><\/div>\n<p><a href=\"\/imodul\/295\/kviste\/quattro\/1166-1468.html\" target=\"_self\" rel=\"noopener\"><img decoding=\"async\" src=\"wp-content\/uploads\/2014\/02\/Quattro.jpg\" style=\"border:1px solid #CCC; margin:5px\"><\/p>\n","protected":false},"excerpt":{"rendered":"<p>Kviste er med til at skabe en speciel stil eller stemning i dit hus. Derfor er det vigtigt, at kvisten passer perfekt til pr\u00e6cis dine \u00f8nsker og dr\u00f8mme. Vi kan tilbyde speciallavede kviste til alle slags huse uanset om du har et moderne og stilrent hus eller et str\u00e5t\u00e6kt landsbyhus.&nbsp;Vores kvalitetskviste findes b\u00e5de i standard-&#8230;<\/p>\n","protected":false},"author":1,"featured_media":0,"parent":0,"menu_order":0,"comment_status":"closed","ping_status":"closed","template":"template-fullwidth.php","meta":{"footnotes":"","_links_to":"","_links_to_target":""},"class_list":["post-393","page","type-page","status-publish","hentry"],"_links":{"self":[{"href":"https:\/\/www.mogens-green.dk\/index.php?rest_route=\/wp\/v2\/pages\/393"}],"collection":[{"href":"https:\/\/www.mogens-green.dk\/index.php?rest_route=\/wp\/v2\/pages"}],"about":[{"href":"https:\/\/www.mogens-green.dk\/index.php?rest_route=\/wp\/v2\/types\/page"}],"author":[{"embeddable":true,"href":"https:\/\/www.mogens-green.dk\/index.php?rest_route=\/wp\/v2\/users\/1"}],"replies":[{"embeddable":true,"href":"https:\/\/www.mogens-green.dk\/index.php?rest_route=%2Fwp%2Fv2%2Fcomments&post=393"}],"version-history":[{"count":4,"href":"https:\/\/www.mogens-green.dk\/index.php?rest_route=\/wp\/v2\/pages\/393\/revisions"}],"predecessor-version":[{"id":887,"href":"https:\/\/www.mogens-green.dk\/index.php?rest_route=\/wp\/v2\/pages\/393\/revisions\/887"}],"wp:attachment":[{"href":"https:\/\/www.mogens-green.dk\/index.php?rest_route=%2Fwp%2Fv2%2Fmedia&parent=393"}],"curies":[{"name":"wp","href":"https:\/\/api.w.org\/{rel}","templated":true}]}}