{"id":370,"date":"2014-02-27T16:22:43","date_gmt":"2014-02-27T16:22:43","guid":{"rendered":"http:\/\/www.mapsrv.dk\/?page_id=370"},"modified":"2024-11-12T04:45:35","modified_gmt":"2024-11-12T02:45:35","slug":"traek-din-regning-fra-i-skat","status":"publish","type":"page","link":"https:\/\/www.mogens-green.dk\/?page_id=370","title":{"rendered":"Tr\u00e6k din regning fra i skat"},"content":{"rendered":"<div>Det er muligt at opn\u00e5 fradrag p\u00e5 arbejdsl\u00f8nnen i forbindelse med h\u00e5ndv\u00e6rkerarbejde udf\u00f8rt p\u00e5 din hel\u00e5rsbolig, sommer- eller fritidsbolig. Det betyder en kontant besparelse p\u00e5 din h\u00e5ndv\u00e6rkerregning. <\/div>\n<div>&nbsp;<\/div>\n<div><span style=\"FONT-WEIGHT: bold\">Penge tilbage i din lomme<\/span><br \/>Arbejde i forbindelse med reparationer, udskiftninger og installationer, som du bestiller hos os, betyder dermed penge tilbage i din lomme. Alt, du skal g\u00f8re, er at tr\u00e6kke bel\u00f8bet til arbejdsl\u00f8n fra som servicefradrag p\u00e5 din n\u00e6ste selvangivelse.<\/div>\n<div>&nbsp;<\/div>\n<div><a href=\"http:\/\/www.skat.dk\/SKAT.aspx?oId=2107576\" target=\"_blank\" rel=\"noopener\">Klik her for at l\u00e6se mere om, hvordan du opn\u00e5r fradrag.<\/a> <\/div>\n<div>&nbsp;<\/div>\n<div>&nbsp;<\/div>\n<div><span style=\"FONT-WEIGHT: bold\">Nemt at f\u00e5 pengene tilbage<\/span><br \/>Bel\u00f8bet skal blot skrives p\u00e5 din selvangivelse sammen med nogle f\u00e5 oplysninger. Du kan f\u00e5 fradrag for arbejdsl\u00f8n op til 15.000 kr. inkl. moms om \u00e5ret, for hver voksen person i din husstand. Det vil sige, at du og din familie kan opn\u00e5 hele 45.000 kr. i fradrag, hvis I eksempelvis er to for\u00e6ldre og et voksent barn.<\/div>\n<div>&nbsp;<\/div>\n<div><a href=\"http:\/\/www.skat.dk\/SKAT.aspx?oId=2107576\" target=\"_blank\" rel=\"noopener\">Klik her for at l\u00e6se mere om, hvordan du opn\u00e5r fradrag.<\/a> <\/div>\n<div>&nbsp;<\/div>\n<div>&nbsp;<\/div>\n<div><span style=\"FONT-WEIGHT: bold\">Hvor meget f\u00e5r jeg tilbage?<\/span><br \/>Servicefradraget har samme v\u00e6rdi for dig som for eksempel dit fagforeningsfradrag eller k\u00f8rselsfradrag. I en gennemsnitskommune er v\u00e6rdien cirka en tredjedel. S\u00e5 hvis du kan skrive 15.000 kr. p\u00e5 din selvangivelse som servicefradrag, vil du f\u00e5 cirka 5.000 kr. tilbage i skat.<\/div>\n<\/div>\n","protected":false},"excerpt":{"rendered":"<p>Det er muligt at opn\u00e5 fradrag p\u00e5 arbejdsl\u00f8nnen i forbindelse med h\u00e5ndv\u00e6rkerarbejde udf\u00f8rt p\u00e5 din hel\u00e5rsbolig, sommer- eller fritidsbolig. Det betyder en kontant besparelse p\u00e5 din h\u00e5ndv\u00e6rkerregning. &nbsp; Penge tilbage i din lommeArbejde i forbindelse med reparationer, udskiftninger og installationer, som du bestiller hos os, betyder dermed penge tilbage i din lomme. Alt, du skal&#8230;<\/p>\n","protected":false},"author":1,"featured_media":0,"parent":0,"menu_order":3,"comment_status":"closed","ping_status":"closed","template":"template-fullwidth.php","meta":{"footnotes":"","_links_to":"","_links_to_target":""},"class_list":["post-370","page","type-page","status-publish","hentry"],"_links":{"self":[{"href":"https:\/\/www.mogens-green.dk\/index.php?rest_route=\/wp\/v2\/pages\/370"}],"collection":[{"href":"https:\/\/www.mogens-green.dk\/index.php?rest_route=\/wp\/v2\/pages"}],"about":[{"href":"https:\/\/www.mogens-green.dk\/index.php?rest_route=\/wp\/v2\/types\/page"}],"author":[{"embeddable":true,"href":"https:\/\/www.mogens-green.dk\/index.php?rest_route=\/wp\/v2\/users\/1"}],"replies":[{"embeddable":true,"href":"https:\/\/www.mogens-green.dk\/index.php?rest_route=%2Fwp%2Fv2%2Fcomments&post=370"}],"version-history":[{"count":22,"href":"https:\/\/www.mogens-green.dk\/index.php?rest_route=\/wp\/v2\/pages\/370\/revisions"}],"predecessor-version":[{"id":881,"href":"https:\/\/www.mogens-green.dk\/index.php?rest_route=\/wp\/v2\/pages\/370\/revisions\/881"}],"wp:attachment":[{"href":"https:\/\/www.mogens-green.dk\/index.php?rest_route=%2Fwp%2Fv2%2Fmedia&parent=370"}],"curies":[{"name":"wp","href":"https:\/\/api.w.org\/{rel}","templated":true}]}}