{"id":310,"date":"2013-01-29T21:07:26","date_gmt":"2013-01-29T21:07:26","guid":{"rendered":"http:\/\/www.mogens-green.dk\/?page_id=310"},"modified":"2024-11-12T04:45:40","modified_gmt":"2024-11-12T02:45:40","slug":"tag-vippetag","status":"publish","type":"page","link":"https:\/\/www.mogens-green.dk\/?page_id=310","title":{"rendered":"Tag &#038; Tagrender"},"content":{"rendered":"<p style=\"text-align: center;\"><strong>\u00d8nsker du mere plads?<\/strong><\/p>\n<p>Har du overvejet at inddrage din tagetage i udvidelsen af din bolig? Er du i tvivl om, hvordan du skal renovere og vedligeholde dit tag?<\/p>\n<p>Vi har stor erfaring med tagarbejde p\u00e5 samtlige typer af huse. Lige fra udvidelse af dit indvendige beboelsesareal ved inddragelse af din tagetage til udend\u00f8rs luksus i h\u00f8jden ved opbygning af din dr\u00f8mmetagterrasse.<\/p>\n<p>Vi tilbyder udover det h\u00e5ndv\u00e6rksm\u00e6ssige yderligere at r\u00e5dgive omkring, hvilke muligheder der forefindes, for at jeres hjem ikke mister charmen eller det gennemf\u00f8rte stilistiske pr\u00e6g. Vi udf\u00f8rer naturligvis ogs\u00e5 g\u00e6ngse tagreparationer samt vedligeholdelse af skorsten og kviste. Vi st\u00e5r klar til at h\u00f8re fra jer og giver altid gerne en kyndig vejledning og et uforpligtende tilbud.<\/p>\n<div class=\"nivoSlider\" style=\"height: 400px; width: 650px;\"><img decoding=\"async\" alt=\"\" src=\"wp-content\/uploads\/2013\/01\/slide48.jpg\" \/><br \/>\n<img decoding=\"async\" alt=\"\" src=\"wp-content\/uploads\/2013\/01\/slide49.jpg\" \/><br \/>\n<img decoding=\"async\" alt=\"\" src=\"wp-content\/uploads\/2013\/01\/slide50.jpg\" \/><br \/>\n<img decoding=\"async\" alt=\"\" src=\"wp-content\/uploads\/2013\/01\/slide51.jpg\" \/><br \/>\n<img decoding=\"async\" alt=\"\" src=\"wp-content\/uploads\/2013\/01\/slide73.jpg\" \/><br \/>\n<img decoding=\"async\" alt=\"\" src=\"wp-content\/uploads\/2013\/01\/slide74.jpg\" \/><br \/>\n<img decoding=\"async\" alt=\"\" src=\"wp-content\/uploads\/2013\/01\/slide69.jpg\" \/><br \/>\n<img decoding=\"async\" alt=\"\" src=\"wp-content\/uploads\/2013\/01\/slide70.jpg\" \/><br \/>\n<img decoding=\"async\" alt=\"\" src=\"wp-content\/uploads\/2013\/01\/slide71.jpg\" \/><\/div>\n","protected":false},"excerpt":{"rendered":"<p>\u00d8nsker du mere plads? Har du overvejet at inddrage din tagetage i udvidelsen af din bolig? Er du i tvivl om, hvordan du skal renovere og vedligeholde dit tag? Vi har stor erfaring med tagarbejde p\u00e5 samtlige typer af huse. Lige fra udvidelse af dit indvendige beboelsesareal ved inddragelse af din tagetage til udend\u00f8rs luksus&#8230;<\/p>\n","protected":false},"author":1,"featured_media":0,"parent":0,"menu_order":3,"comment_status":"closed","ping_status":"closed","template":"template-fullwidth.php","meta":{"footnotes":"","_links_to":"","_links_to_target":""},"class_list":["post-310","page","type-page","status-publish","hentry"],"_links":{"self":[{"href":"https:\/\/www.mogens-green.dk\/index.php?rest_route=\/wp\/v2\/pages\/310"}],"collection":[{"href":"https:\/\/www.mogens-green.dk\/index.php?rest_route=\/wp\/v2\/pages"}],"about":[{"href":"https:\/\/www.mogens-green.dk\/index.php?rest_route=\/wp\/v2\/types\/page"}],"author":[{"embeddable":true,"href":"https:\/\/www.mogens-green.dk\/index.php?rest_route=\/wp\/v2\/users\/1"}],"replies":[{"embeddable":true,"href":"https:\/\/www.mogens-green.dk\/index.php?rest_route=%2Fwp%2Fv2%2Fcomments&post=310"}],"version-history":[{"count":20,"href":"https:\/\/www.mogens-green.dk\/index.php?rest_route=\/wp\/v2\/pages\/310\/revisions"}],"predecessor-version":[{"id":469,"href":"https:\/\/www.mogens-green.dk\/index.php?rest_route=\/wp\/v2\/pages\/310\/revisions\/469"}],"wp:attachment":[{"href":"https:\/\/www.mogens-green.dk\/index.php?rest_route=%2Fwp%2Fv2%2Fmedia&parent=310"}],"curies":[{"name":"wp","href":"https:\/\/api.w.org\/{rel}","templated":true}]}}