{"id":237,"date":"2013-01-27T06:22:16","date_gmt":"2013-01-27T06:22:16","guid":{"rendered":"http:\/\/212.45.115.242\/mogens-green\/?page_id=237"},"modified":"2024-11-12T04:45:24","modified_gmt":"2024-11-12T02:45:24","slug":"dore","status":"publish","type":"page","link":"https:\/\/www.mogens-green.dk\/?page_id=237","title":{"rendered":"D\u00f8re &#038; Vinduer"},"content":{"rendered":"<p style=\"text-align: center;\"><strong>D\u00f8re fra Mogens Green Rasmussen<\/strong><\/p>\n<h2>Nye vinduer og d\u00f8re reducerer elforbruget<\/h2>\n<p>Nye vinduer og d\u00f8re vil ikke n\u00f8dvendigvis koste en formue. Med de rigtige vinduer og d\u00f8re kan du barbere 15-20 procent af boligens elforbrug til lys v\u00e6k. Mere dagslys giver samtidig v\u00e6relser nyt liv og skaber dig og din familie bedre livskvalitet.<\/p>\n<h2>Korrekt placering af vinduer og d\u00f8re<\/h2>\n<p>Der findes et hav af forskellige typer af vinduer og d\u00f8re p\u00e5 markedet. Ved valg af vindue b\u00f8r man overveje, hvor i boligen vinduet skal placeres. Skal vinduer fx placeres i husets facade eller taget, skal man placere vinduet s\u00e5 h\u00f8jt s\u00e5 muligt, idet placering har betydning for m\u00e6ngden og kvalitet af lys, der kommer ind i boligen.<br \/>\nSom fagmand med mange \u00e5r i t\u00f8mrerbranchen har jeg set mange flotte og funktionelle vinduesl\u00f8sninger og har et godt \u00f8je for den gode l\u00f8sning. Dermed kan jeg altid finde en fornuftig og forsvarlig l\u00f8sning, s\u00e5 dine boligdr\u00f8mme bliver til virkelighed.<\/p>\n<h2>Tilbud p\u00e5 nye vinduer og d\u00f8re<\/h2>\n<p>Hvis du \u00f8nsker et tilbud p\u00e5 udskiftning af vinduer, sender jeg dig under normale omst\u00e6ndigheder et skriftligt tilbud inden for 14 dage.<\/p>\n<h2>R\u00e5dgivning til valg af vinduer og d\u00f8re<\/h2>\n<p>Har du brug for god r\u00e5dgivning og en t\u00f8mrermester med h\u00e6nderne skruet rigtig p\u00e5, s\u00e5 ring eller send mig en mail, som jeg svarer p\u00e5 hurtigst muligt.<\/p>\n<div class=\"nivoSlider\" style=\"height: 550px; width: 400px; margin: 0 auto;\"><img decoding=\"async\" alt=\"\" src=\"wp-content\/uploads\/2013\/01\/slide8.jpg\" \/> <img decoding=\"async\" alt=\"\" src=\"wp-content\/uploads\/2013\/01\/slide9.jpg\" \/> <img decoding=\"async\" title=\"\" alt=\"\" src=\"wp-content\/uploads\/2013\/01\/slide10.jpg\" \/> <img decoding=\"async\" title=\"\" alt=\"\" src=\"wp-content\/uploads\/2013\/01\/slide11.jpg\" \/> <img decoding=\"async\" title=\"\" alt=\"\" src=\"wp-content\/uploads\/2013\/01\/slide12.jpg\" \/> <img decoding=\"async\" title=\"\" alt=\"\" src=\"wp-content\/uploads\/2013\/01\/slide13.jpg\" \/> <img decoding=\"async\" title=\"\" alt=\"\" src=\"wp-content\/uploads\/2013\/01\/slide14.jpg\" \/> <img decoding=\"async\" title=\"\" alt=\"\" src=\"wp-content\/uploads\/2013\/01\/slide15.jpg\" \/> <img decoding=\"async\" title=\"\" alt=\"\" src=\"wp-content\/uploads\/2013\/01\/slide16.jpg\" \/> <img decoding=\"async\" title=\"\" alt=\"\" src=\"wp-content\/uploads\/2013\/01\/slide17.jpg\" \/> <img decoding=\"async\" title=\"\" alt=\"\" src=\"wp-content\/uploads\/2013\/01\/slide18.jpg\" \/> <img decoding=\"async\" title=\"\" alt=\"\" src=\"wp-content\/uploads\/2013\/01\/slide19.jpg\" \/> <img decoding=\"async\" title=\"\" alt=\"\" src=\"wp-content\/uploads\/2013\/01\/slide20.jpg\" \/><\/div>\n","protected":false},"excerpt":{"rendered":"<p>D\u00f8re fra Mogens Green Rasmussen Nye vinduer og d\u00f8re reducerer elforbruget Nye vinduer og d\u00f8re vil ikke n\u00f8dvendigvis koste en formue. Med de rigtige vinduer og d\u00f8re kan du barbere 15-20 procent af boligens elforbrug til lys v\u00e6k. Mere dagslys giver samtidig v\u00e6relser nyt liv og skaber dig og din familie bedre livskvalitet. Korrekt placering&#8230;<\/p>\n","protected":false},"author":1,"featured_media":0,"parent":0,"menu_order":4,"comment_status":"closed","ping_status":"closed","template":"template-fullwidth.php","meta":{"footnotes":"","_links_to":"","_links_to_target":""},"class_list":["post-237","page","type-page","status-publish","hentry"],"_links":{"self":[{"href":"https:\/\/www.mogens-green.dk\/index.php?rest_route=\/wp\/v2\/pages\/237"}],"collection":[{"href":"https:\/\/www.mogens-green.dk\/index.php?rest_route=\/wp\/v2\/pages"}],"about":[{"href":"https:\/\/www.mogens-green.dk\/index.php?rest_route=\/wp\/v2\/types\/page"}],"author":[{"embeddable":true,"href":"https:\/\/www.mogens-green.dk\/index.php?rest_route=\/wp\/v2\/users\/1"}],"replies":[{"embeddable":true,"href":"https:\/\/www.mogens-green.dk\/index.php?rest_route=%2Fwp%2Fv2%2Fcomments&post=237"}],"version-history":[{"count":29,"href":"https:\/\/www.mogens-green.dk\/index.php?rest_route=\/wp\/v2\/pages\/237\/revisions"}],"predecessor-version":[{"id":677,"href":"https:\/\/www.mogens-green.dk\/index.php?rest_route=\/wp\/v2\/pages\/237\/revisions\/677"}],"wp:attachment":[{"href":"https:\/\/www.mogens-green.dk\/index.php?rest_route=%2Fwp%2Fv2%2Fmedia&parent=237"}],"curies":[{"name":"wp","href":"https:\/\/api.w.org\/{rel}","templated":true}]}}