{"id":17,"date":"2013-01-23T03:27:43","date_gmt":"2013-01-23T03:27:43","guid":{"rendered":"http:\/\/mogens-green.dk\/?page_id=17"},"modified":"2024-11-12T04:45:00","modified_gmt":"2024-11-12T02:45:00","slug":"kokken","status":"publish","type":"page","link":"https:\/\/www.mogens-green.dk\/?page_id=17","title":{"rendered":"K\u00f8kkener"},"content":{"rendered":"<p style=\"text-align: center;\"><strong>K\u00d8KKEN FRA SOKKEL TIL LOFT<\/strong><\/p>\n<p>K\u00f8kkener er et af vores specialer. Fra sm\u00e5 istands\u00e6ttelser til udskiftning af hele k\u00f8kkenet.<\/p>\n<p>Der er utallige muligheder, n\u00e5r k\u00f8kkenet skal udskiftes, men uanset hvilken stil du \u00f8nsker, sikrer vi, at det fremst\u00e5r funktionelt og elegant.<br \/>\nP\u00e5 vores v\u00e6rksted fremstiller vi selv k\u00f8kkener i den bedste tr\u00e6kvalitet, s\u00e5 du f\u00e5r et unikt k\u00f8kken, der lever op til dine \u00f8nsker. Vi monterer ogs\u00e5 f\u00e6rdigproducerede k\u00f8kkener og tilretter dem, s\u00e5 de passer til dit hjem.<\/p>\n<p>Overflader af tr\u00e6 er en smuk l\u00f8sning, men det er ogs\u00e5 en hygiejnisk l\u00f8sning i k\u00f8kkenet. Tr\u00e6ets naturlige evne til at opsuge fugt har s\u00e5ledes en antibakteriel virkning p\u00e5 sundhedsskadelige f\u00f8devarebakterier. Det betyder, at bordplader og sk\u00e6rebr\u00e6tter i tr\u00e6 fremmer sundheden i dit k\u00f8kken.<\/p>\n<p>Kontakt os\u00a0med dine sp\u00f8rgsm\u00e5l og \u00f8nsker. Sammen finder vi den optimale l\u00f8sning.<\/p>\n<div class=\"nivoSlider\" style=\"height: 400px; width: 650px;\"><img decoding=\"async\" alt=\"\" src=\"wp-content\/uploads\/2013\/01\/slide21.jpg\" \/><br \/>\n<img decoding=\"async\" alt=\"\" src=\"wp-content\/uploads\/2013\/01\/slide22.jpg\" \/><br \/>\n<img decoding=\"async\" title=\"\" alt=\"\" src=\"wp-content\/uploads\/2013\/01\/slide23.jpg\" \/><br \/>\n<img decoding=\"async\" title=\"\" alt=\"\" src=\"wp-content\/uploads\/2013\/01\/slide24.jpg\" \/><br \/>\n<img decoding=\"async\" title=\"\" alt=\"\" src=\"wp-content\/uploads\/2013\/01\/slide25.jpg\" \/><br \/>\n<img decoding=\"async\" title=\"\" alt=\"\" src=\"wp-content\/uploads\/2013\/01\/slide26.jpg\" \/><br \/>\n<img decoding=\"async\" title=\"\" alt=\"\" src=\"wp-content\/uploads\/2013\/01\/slide27.jpg\" \/><br \/>\n<img decoding=\"async\" title=\"\" alt=\"\" src=\"wp-content\/uploads\/2013\/01\/slide28.jpg\" \/><br \/>\n<img decoding=\"async\" title=\"\" alt=\"\" src=\"wp-content\/uploads\/2013\/01\/slide29.jpg\" \/><br \/>\n<img decoding=\"async\" title=\"\" alt=\"\" src=\"wp-content\/uploads\/2013\/01\/slide30.jpg\" \/><br \/>\n<img decoding=\"async\" title=\"\" alt=\"\" src=\"wp-content\/uploads\/2013\/01\/slide31.jpg\" \/><br \/>\n<img decoding=\"async\" title=\"\" alt=\"\" src=\"wp-content\/uploads\/2013\/01\/slide32.jpg\" \/><br \/>\n<img decoding=\"async\" title=\"\" alt=\"\" src=\"wp-content\/uploads\/2013\/01\/slide33.jpg\" \/><br \/>\n<img decoding=\"async\" title=\"\" alt=\"\" src=\"wp-content\/uploads\/2013\/01\/slide34.jpg\" \/><br \/>\n<img decoding=\"async\" title=\"\" alt=\"\" src=\"wp-content\/uploads\/2013\/01\/slide35.jpg\" \/><br \/>\n<img decoding=\"async\" title=\"\" alt=\"\" src=\"wp-content\/uploads\/2013\/01\/slide36.jpg\" \/><br \/>\n<img decoding=\"async\" title=\"\" alt=\"\" src=\"wp-content\/uploads\/2013\/01\/slide37.jpg\" \/><br \/>\n<img decoding=\"async\" title=\"\" alt=\"\" src=\"wp-content\/uploads\/2013\/01\/slide38.jpg\" \/><br \/>\n<img decoding=\"async\" title=\"\" alt=\"\" src=\"wp-content\/uploads\/2013\/01\/slide39.jpg\" \/><br \/>\n<img decoding=\"async\" title=\"\" alt=\"\" src=\"wp-content\/uploads\/2013\/01\/slide40.jpg\" \/><br \/>\n<img decoding=\"async\" title=\"\" alt=\"\" src=\"wp-content\/uploads\/2013\/01\/slide41.jpg\" \/><br \/>\n<img decoding=\"async\" title=\"\" alt=\"\" src=\"wp-content\/uploads\/2013\/01\/slide42.jpg\" \/><br \/>\n<img decoding=\"async\" title=\"\" alt=\"\" src=\"wp-content\/uploads\/2013\/01\/slide43.jpg\" \/><br \/>\n<img decoding=\"async\" title=\"\" alt=\"\" src=\"wp-content\/uploads\/2013\/01\/slide44.jpg\" \/><br \/>\n<img decoding=\"async\" title=\"\" alt=\"\" src=\"wp-content\/uploads\/2013\/01\/slide45.jpg\" \/><br \/>\n<img decoding=\"async\" title=\"\" alt=\"\" src=\"wp-content\/uploads\/2013\/01\/slide46.jpg\" \/><br \/>\n<img decoding=\"async\" title=\"\" alt=\"\" src=\"wp-content\/uploads\/2013\/01\/slide47.jpg\" \/><\/div>\n","protected":false},"excerpt":{"rendered":"<p>K\u00d8KKEN FRA SOKKEL TIL LOFT K\u00f8kkener er et af vores specialer. Fra sm\u00e5 istands\u00e6ttelser til udskiftning af hele k\u00f8kkenet. Der er utallige muligheder, n\u00e5r k\u00f8kkenet skal udskiftes, men uanset hvilken stil du \u00f8nsker, sikrer vi, at det fremst\u00e5r funktionelt og elegant. P\u00e5 vores v\u00e6rksted fremstiller vi selv k\u00f8kkener i den bedste tr\u00e6kvalitet, s\u00e5 du f\u00e5r&#8230;<\/p>\n","protected":false},"author":1,"featured_media":0,"parent":0,"menu_order":6,"comment_status":"open","ping_status":"closed","template":"template-fullwidth.php","meta":{"footnotes":"","_links_to":"","_links_to_target":""},"class_list":["post-17","page","type-page","status-publish","hentry"],"_links":{"self":[{"href":"https:\/\/www.mogens-green.dk\/index.php?rest_route=\/wp\/v2\/pages\/17"}],"collection":[{"href":"https:\/\/www.mogens-green.dk\/index.php?rest_route=\/wp\/v2\/pages"}],"about":[{"href":"https:\/\/www.mogens-green.dk\/index.php?rest_route=\/wp\/v2\/types\/page"}],"author":[{"embeddable":true,"href":"https:\/\/www.mogens-green.dk\/index.php?rest_route=\/wp\/v2\/users\/1"}],"replies":[{"embeddable":true,"href":"https:\/\/www.mogens-green.dk\/index.php?rest_route=%2Fwp%2Fv2%2Fcomments&post=17"}],"version-history":[{"count":23,"href":"https:\/\/www.mogens-green.dk\/index.php?rest_route=\/wp\/v2\/pages\/17\/revisions"}],"predecessor-version":[{"id":402,"href":"https:\/\/www.mogens-green.dk\/index.php?rest_route=\/wp\/v2\/pages\/17\/revisions\/402"}],"wp:attachment":[{"href":"https:\/\/www.mogens-green.dk\/index.php?rest_route=%2Fwp%2Fv2%2Fmedia&parent=17"}],"curies":[{"name":"wp","href":"https:\/\/api.w.org\/{rel}","templated":true}]}}