{"id":14,"date":"2013-01-23T03:26:54","date_gmt":"2013-01-23T03:26:54","guid":{"rendered":"http:\/\/mogens-green.dk\/?page_id=14"},"modified":"2024-11-12T04:45:30","modified_gmt":"2024-11-12T02:45:30","slug":"udestuer","status":"publish","type":"page","link":"https:\/\/www.mogens-green.dk\/?page_id=14","title":{"rendered":"Udestuer"},"content":{"rendered":"<p style=\"text-align: center;\"><strong>Udestuer fra Mogens Green Rasmussen<\/strong><\/p>\n<p>&#8220;Hvis du ikke stoler p\u00e5 vejrudsigten, s\u00e5 stol p\u00e5 os. Det er det hele vejr&#8221; Direkt\u00f8r, Mogens Green Rasmussen. Vi tilbyder et bredt udvalg af elegante l\u00f8sninger for udestuer og vinterhaver til alternativ opvarmning til enhver smag. I vores brede udvalg finder du individuelle s\u00e5vel som standard l\u00f8sninger.<\/p>\n<p>En verden af muligheder. Kvalitet, kreativitet og et bredt udvalg.<\/p>\n<p>Alle vores elementer er udarbejdet i gedigne kvalitetsmaterialer, som bliver leveret og tilpasset netop dine individuelle \u00f8nsker og behov. Vi anvender kvalitets udestueelementer af plast samt aluminium og tr\u00e6 og limtr\u00e6 fra certificerede skovbrug i det nordlige Skandinavien &#8211; alt lever op til de strenge krav for at b\u00e6re CE-m\u00e6rkatet og leveres med 5 \u00e5rs garanti samt 10 \u00e5rs garanti p\u00e5 tag.<br \/>\nVi t\u00e6nker i konstant i udvikling og nye l\u00f8sninger for at kunne give dig den bedste r\u00e5dgivning. Overgangen mellem vores udestuer, \u00e5bne\/lukkede terrasseoverd\u00e6kninger og vinterhaver er flydende. Til samtlige l\u00f8sninger f\u00f8lger muligheder for fx store facade\u00e5bninger, som giver dig ekstra anvendelsesmuligheder for at \u00e5bne op og integrere haven med huset p\u00e5 sommerdage eller lade de store glaspartier l\u00e6gge afstand til regn og bl\u00e6st p\u00e5 gr\u00e5vejrsdage.&nbsp;<\/p>\n<div class=\"nivoSlider\" style=\"height:400px; width:650px;\">\n  <img decoding=\"async\" src=\"http:\/\/mogens-green.dk\/wp-content\/uploads\/2013\/01\/slide1.jpg\" alt=\"\" \/><br \/>\n  <img decoding=\"async\" src=\"http:\/\/mogens-green.dk\/wp-content\/uploads\/2013\/01\/slide64.jpg\" alt=\"\" \/><br \/>\n  <img decoding=\"async\" src=\"http:\/\/mogens-green.dk\/wp-content\/uploads\/2013\/01\/slide3.jpg\" alt=\"\" \/><br \/>\n  <img decoding=\"async\" src=\"http:\/\/mogens-green.dk\/wp-content\/uploads\/2013\/01\/slide4.jpg\" alt=\"\" \/><br \/>\n  <img decoding=\"async\" src=\"http:\/\/mogens-green.dk\/wp-content\/uploads\/2013\/01\/slide62.jpg\" alt=\"\" \/><br \/>\n  <img decoding=\"async\" src=\"http:\/\/mogens-green.dk\/wp-content\/uploads\/2013\/01\/slide63.jpg\" alt=\"\" \/><br \/>\n  <img decoding=\"async\" src=\"http:\/\/mogens-green.dk\/wp-content\/uploads\/2013\/01\/slide56.jpg\" alt=\"\" \/><br \/>\n  <img decoding=\"async\" src=\"http:\/\/mogens-green.dk\/wp-content\/uploads\/2013\/01\/slide57.jpg\" alt=\"\" \/><br \/>\n  <img decoding=\"async\" src=\"http:\/\/mogens-green.dk\/wp-content\/uploads\/2013\/01\/slide58.jpg\" alt=\"\" \/><br \/>\n  <img decoding=\"async\" src=\"http:\/\/mogens-green.dk\/wp-content\/uploads\/2013\/01\/slide59.jpg\" alt=\"\" \/><br \/>\n  <img decoding=\"async\" src=\"http:\/\/mogens-green.dk\/wp-content\/uploads\/2013\/01\/slide60.jpg\" alt=\"\" \/><br \/>\n  <img decoding=\"async\" src=\"http:\/\/mogens-green.dk\/wp-content\/uploads\/2013\/01\/slide61.jpg\" alt=\"\" \/><br \/>\n  <img decoding=\"async\" src=\"http:\/\/mogens-green.dk\/wp-content\/uploads\/2013\/01\/slide67.jpg\" alt=\"\" \/><br \/>\n  <img decoding=\"async\" src=\"http:\/\/mogens-green.dk\/wp-content\/uploads\/2013\/01\/slide68.jpg\" alt=\"\" \/>\n<\/div>\n","protected":false},"excerpt":{"rendered":"<p>Udestuer fra Mogens Green Rasmussen &#8220;Hvis du ikke stoler p\u00e5 vejrudsigten, s\u00e5 stol p\u00e5 os. Det er det hele vejr&#8221; Direkt\u00f8r, Mogens Green Rasmussen. Vi tilbyder et bredt udvalg af elegante l\u00f8sninger for udestuer og vinterhaver til alternativ opvarmning til enhver smag. I vores brede udvalg finder du individuelle s\u00e5vel som standard l\u00f8sninger. En verden&#8230;<\/p>\n","protected":false},"author":1,"featured_media":0,"parent":0,"menu_order":3,"comment_status":"open","ping_status":"closed","template":"template-fullwidth.php","meta":{"footnotes":"","_links_to":"","_links_to_target":""},"class_list":["post-14","page","type-page","status-publish","hentry"],"_links":{"self":[{"href":"https:\/\/www.mogens-green.dk\/index.php?rest_route=\/wp\/v2\/pages\/14"}],"collection":[{"href":"https:\/\/www.mogens-green.dk\/index.php?rest_route=\/wp\/v2\/pages"}],"about":[{"href":"https:\/\/www.mogens-green.dk\/index.php?rest_route=\/wp\/v2\/types\/page"}],"author":[{"embeddable":true,"href":"https:\/\/www.mogens-green.dk\/index.php?rest_route=\/wp\/v2\/users\/1"}],"replies":[{"embeddable":true,"href":"https:\/\/www.mogens-green.dk\/index.php?rest_route=%2Fwp%2Fv2%2Fcomments&post=14"}],"version-history":[{"count":39,"href":"https:\/\/www.mogens-green.dk\/index.php?rest_route=\/wp\/v2\/pages\/14\/revisions"}],"predecessor-version":[{"id":855,"href":"https:\/\/www.mogens-green.dk\/index.php?rest_route=\/wp\/v2\/pages\/14\/revisions\/855"}],"wp:attachment":[{"href":"https:\/\/www.mogens-green.dk\/index.php?rest_route=%2Fwp%2Fv2%2Fmedia&parent=14"}],"curies":[{"name":"wp","href":"https:\/\/api.w.org\/{rel}","templated":true}]}}