{"id":12,"date":"2013-01-23T03:26:37","date_gmt":"2013-01-23T03:26:37","guid":{"rendered":"http:\/\/mogens-green.dk\/?page_id=12"},"modified":"2024-11-12T04:45:45","modified_gmt":"2024-11-12T02:45:45","slug":"profil","status":"publish","type":"page","link":"https:\/\/www.mogens-green.dk\/?page_id=12","title":{"rendered":"Profil"},"content":{"rendered":"<p style=\"text-align: center;\"><strong>Vinterhaver, Vinduer, D\u00f8re &amp; K\u00f8kkener<\/strong><br \/>\n<strong> Samt alt i om- og tilbygning.<\/strong><\/p>\n<p style=\"text-align: left;\">\n<p style=\"text-align: left;\"><strong>Vi forhandler:<\/strong><\/p>\n<p><a href=\"http:\/\/aubo.dk\" target=\"right\" rel=\"noopener\"><img decoding=\"async\" title=\"AUBO K\u00d8KKEN &#038; BAD\" alt=\"\" src=\"wp-content\/uploads\/2014\/02\/Aubo.jpg\" \/><\/a><a href=\"http:\/\/svane.com\" target=\"right\" rel=\"noopener\"><img decoding=\"async\" title=\"SVANE K\u00d8KKENET\" alt=\"\" src=\"wp-content\/uploads\/2014\/02\/Svane-Koekkenet.jpg\" \/><\/a><br \/>\n<a href=\"http:\/\/tvis.com\" target=\"right\" rel=\"noopener\"><img decoding=\"async\" title=\"TVIS K\u00d8KKENER\" alt=\"\" src=\"wp-content\/uploads\/2014\/02\/Tvis.jpg\" \/><\/a><a href=\"http:\/\/pmtrae.dk\" target=\"right\" rel=\"noopener\"><img decoding=\"async\" title=\"PM TR\u00c6 &#038; INTERI\u00d8R\" alt=\"\" src=\"wp-content\/uploads\/2014\/02\/PM-Tr\u00e6-Interi\u00f8r.jpg\" \/><\/a><\/p>\n<p>&nbsp;<\/p>\n<p>Lige fra starten i 1998 er forretningens vidtforgrenede kundekreds f\u00f8rst og fremmest vokset via mund-til-\u00f8re-metoden. I dag er firmaets kerneomr\u00e5de d\u00f8re, vinduer, tage og udestuer i alle materialer, dessiner og prisklasser\u00ab, fort\u00e6ller indehaver Mogens Green Rasmussen.<\/p>\n<p>Et banebrydende lameltag<br \/>\nIndenfor alle produktkategorier samarbejder Mogens Green Rasmussen med nogle af landets f\u00f8rende producenter og leverand\u00f8rer \u2013 heriblandt Win-Door og Ikast Designer Door. P\u00e5 tagomr\u00e5det tilbyder vi Europas p.t. mest banebrydende lameltag ESCO, som Mogens Green Rasmussen har forhandlingen af p\u00e5 Fyn. Vi har stor erfaring med hensyn til at leve op til vores kunders mangeartede \u00f8nsker og forventninger \u2013 b\u00e5de til stil, materialevalg og prisklasse. N\u00e5r det g\u00e6lder udestuer, samarbejder vi med skiftende arkitekter omkring de enkelte l\u00f8sningers udformning.<\/p>\n<p>Fra vinduer til totalrenoveringer<br \/>\nI perioden 2004-07 opf\u00f8rte vi 125 andelsboliger i Svendborg. I Kerteminde og Faaborg l\u00f8ser vi netop nu en r\u00e6kke sp\u00e6ndende tagrenoveringsopgaver. Parallelt hermed varetager vi fagentreprisen p\u00e5 opf\u00f8relsen af to villaer i henholdsvis Faaborg og Odense. Endelig er vi i gang med en ombygnings- og renoveringsopgave p\u00e5 Thur\u00f8. Vi l\u00f8ser en alsidig vifte af opgaver, der sp\u00e6nder fra udskiftning af enkeltvinduer over vinterhaver til totalrenoveringer. Ring og h\u00f8r n\u00e6rmere!<\/p>\n","protected":false},"excerpt":{"rendered":"<p>Vinterhaver, Vinduer, D\u00f8re &amp; K\u00f8kkener Samt alt i om- og tilbygning. Vi forhandler: &nbsp; Lige fra starten i 1998 er forretningens vidtforgrenede kundekreds f\u00f8rst og fremmest vokset via mund-til-\u00f8re-metoden. I dag er firmaets kerneomr\u00e5de d\u00f8re, vinduer, tage og udestuer i alle materialer, dessiner og prisklasser\u00ab, fort\u00e6ller indehaver Mogens Green Rasmussen. Et banebrydende lameltag Indenfor alle&#8230;<\/p>\n","protected":false},"author":1,"featured_media":0,"parent":0,"menu_order":2,"comment_status":"open","ping_status":"closed","template":"template-fullwidth.php","meta":{"footnotes":"","_links_to":"","_links_to_target":""},"class_list":["post-12","page","type-page","status-publish","hentry"],"_links":{"self":[{"href":"https:\/\/www.mogens-green.dk\/index.php?rest_route=\/wp\/v2\/pages\/12"}],"collection":[{"href":"https:\/\/www.mogens-green.dk\/index.php?rest_route=\/wp\/v2\/pages"}],"about":[{"href":"https:\/\/www.mogens-green.dk\/index.php?rest_route=\/wp\/v2\/types\/page"}],"author":[{"embeddable":true,"href":"https:\/\/www.mogens-green.dk\/index.php?rest_route=\/wp\/v2\/users\/1"}],"replies":[{"embeddable":true,"href":"https:\/\/www.mogens-green.dk\/index.php?rest_route=%2Fwp%2Fv2%2Fcomments&post=12"}],"version-history":[{"count":41,"href":"https:\/\/www.mogens-green.dk\/index.php?rest_route=\/wp\/v2\/pages\/12\/revisions"}],"predecessor-version":[{"id":882,"href":"https:\/\/www.mogens-green.dk\/index.php?rest_route=\/wp\/v2\/pages\/12\/revisions\/882"}],"wp:attachment":[{"href":"https:\/\/www.mogens-green.dk\/index.php?rest_route=%2Fwp%2Fv2%2Fmedia&parent=12"}],"curies":[{"name":"wp","href":"https:\/\/api.w.org\/{rel}","templated":true}]}}